{"id":277,"date":"2024-05-29T12:24:42","date_gmt":"2024-05-29T12:24:42","guid":{"rendered":"https:\/\/ikincielesyadan.com\/magaza\/?page_id=277"},"modified":"2024-07-21T05:29:47","modified_gmt":"2024-07-21T05:29:47","slug":"iletisim","status":"publish","type":"page","link":"https:\/\/ikincielesyadan.com\/magaza\/iletisim\/","title":{"rendered":"ileti\u015fim"},"content":{"rendered":"<p><img loading=\"lazy\" decoding=\"async\" class=\"aligncenter size-full wp-image-278\" src=\"https:\/\/ikincielesyadan.com\/magaza\/wp-content\/uploads\/2024\/05\/iletisim1.jpg\" alt=\"\" width=\"800\" height=\"500\" title=\"\" srcset=\"https:\/\/ikincielesyadan.com\/magaza\/wp-content\/uploads\/2024\/05\/iletisim1.jpg 800w, https:\/\/ikincielesyadan.com\/magaza\/wp-content\/uploads\/2024\/05\/iletisim1-300x188.jpg 300w, https:\/\/ikincielesyadan.com\/magaza\/wp-content\/uploads\/2024\/05\/iletisim1-768x480.jpg 768w, https:\/\/ikincielesyadan.com\/magaza\/wp-content\/uploads\/2024\/05\/iletisim1-600x375.jpg 600w\" sizes=\"auto, (max-width: 800px) 100vw, 800px\" \/><\/p>\n<div class=\"woocommerce columns-4 \"><ul class=\"products columns-4\">\n<li class=\"product type-product post-404 status-publish first instock product_cat-ikinci-el-mobilya has-post-thumbnail sale shipping-taxable purchasable product-type-simple\">\n\t<a href=\"https:\/\/ikincielesyadan.com\/magaza\/urun\/15-adet-cikma-kapi-mevcuttur-kapilar-takim-halindedir\/\" class=\"woocommerce-LoopProduct-link woocommerce-loop-product__link\">\n\t<span class=\"onsale\">\u0130ndirim!<\/span>\n\t<img loading=\"lazy\" decoding=\"async\" width=\"300\" height=\"300\" src=\"https:\/\/ikincielesyadan.com\/magaza\/wp-content\/uploads\/2024\/07\/cikma-kapi-1-300x300.png\" class=\"attachment-woocommerce_thumbnail size-woocommerce_thumbnail\" alt=\"15 adet \u00e7\u0131kma kap\u0131 mevcuttur kap\u0131lar tak\u0131m halindedir\" srcset=\"https:\/\/ikincielesyadan.com\/magaza\/wp-content\/uploads\/2024\/07\/cikma-kapi-1-300x300.png 300w, https:\/\/ikincielesyadan.com\/magaza\/wp-content\/uploads\/2024\/07\/cikma-kapi-1-150x150.png 150w, https:\/\/ikincielesyadan.com\/magaza\/wp-content\/uploads\/2024\/07\/cikma-kapi-1-100x100.png 100w\" sizes=\"auto, (max-width: 300px) 100vw, 300px\" title=\"\"><h2 class=\"woocommerce-loop-product__title\">15 adet \u00e7\u0131kma kap\u0131 mevcuttur kap\u0131lar tak\u0131m halindedir<\/h2>\n\t<span class=\"price\"><del aria-hidden=\"true\"><span class=\"woocommerce-Price-amount amount\"><bdi><span class=\"woocommerce-Price-currencySymbol\">&#8378;<\/span>300.00<\/bdi><\/span><\/del> <span class=\"screen-reader-text\">Orijinal fiyat: &#8378;300.00.<\/span><ins aria-hidden=\"true\"><span class=\"woocommerce-Price-amount amount\"><bdi><span class=\"woocommerce-Price-currencySymbol\">&#8378;<\/span>250.00<\/bdi><\/span><\/ins><span class=\"screen-reader-text\">\u015eu andaki fiyat: &#8378;250.00.<\/span><\/span>\n<div class=\"archive-product-categories text-center\"><a href=\"https:\/\/ikincielesyadan.com\/magaza\/urun-kategori\/ikinci-el-mobilya\/\" rel=\"tag\">ikinci el mobilya<\/a><\/div><\/a><a href=\"\/magaza\/wp-json\/wp\/v2\/pages\/277?add-to-cart=404\" aria-describedby=\"woocommerce_loop_add_to_cart_link_describedby_404\" data-quantity=\"1\" class=\"button product_type_simple add_to_cart_button ajax_add_to_cart\" data-product_id=\"404\" data-product_sku=\"\" aria-label=\"Sepete ekle: \u201c15 adet \u00e7\u0131kma kap\u0131 mevcuttur kap\u0131lar tak\u0131m halindedir\u201d\" rel=\"nofollow\" data-success_message=\"&quot;15 adet \u00e7\u0131kma kap\u0131 mevcuttur kap\u0131lar tak\u0131m halindedir&quot; sepetinize eklendi\" role=\"button\">Sepete Ekle<\/a>\t<span id=\"woocommerce_loop_add_to_cart_link_describedby_404\" class=\"screen-reader-text\">\n\t\t\t<\/span>\n<\/li>\n<li class=\"product type-product post-452 status-publish instock product_cat-ikinci-el-is-makineleri has-post-thumbnail sale shipping-taxable purchasable product-type-simple\">\n\t<a href=\"https:\/\/ikincielesyadan.com\/magaza\/urun\/2-el-buyuk-su-pompasi-domak-marka-saglam-ve-sorunsuz-guclu-pompa\/\" class=\"woocommerce-LoopProduct-link woocommerce-loop-product__link\">\n\t<span class=\"onsale\">\u0130ndirim!<\/span>\n\t<img loading=\"lazy\" decoding=\"async\" width=\"300\" height=\"300\" src=\"https:\/\/ikincielesyadan.com\/magaza\/wp-content\/uploads\/2024\/10\/2.el-buyuk-su-pompasi-domak-marka-2-300x300.png\" class=\"attachment-woocommerce_thumbnail size-woocommerce_thumbnail\" alt=\"2.el b\u00fcy\u00fck su pompas\u0131 domak marka sa\u011flam ve sorunsuz g\u00fc\u00e7l\u00fc pompa\" srcset=\"https:\/\/ikincielesyadan.com\/magaza\/wp-content\/uploads\/2024\/10\/2.el-buyuk-su-pompasi-domak-marka-2-300x300.png 300w, https:\/\/ikincielesyadan.com\/magaza\/wp-content\/uploads\/2024\/10\/2.el-buyuk-su-pompasi-domak-marka-2-150x150.png 150w, https:\/\/ikincielesyadan.com\/magaza\/wp-content\/uploads\/2024\/10\/2.el-buyuk-su-pompasi-domak-marka-2-100x100.png 100w\" sizes=\"auto, (max-width: 300px) 100vw, 300px\" title=\"\"><h2 class=\"woocommerce-loop-product__title\">2.el b\u00fcy\u00fck su pompas\u0131 domak marka sa\u011flam ve sorunsuz g\u00fc\u00e7l\u00fc pompa<\/h2>\n\t<span class=\"price\"><del aria-hidden=\"true\"><span class=\"woocommerce-Price-amount amount\"><bdi><span class=\"woocommerce-Price-currencySymbol\">&#8378;<\/span>2,500.00<\/bdi><\/span><\/del> <span class=\"screen-reader-text\">Orijinal fiyat: &#8378;2,500.00.<\/span><ins aria-hidden=\"true\"><span class=\"woocommerce-Price-amount amount\"><bdi><span class=\"woocommerce-Price-currencySymbol\">&#8378;<\/span>2,000.00<\/bdi><\/span><\/ins><span class=\"screen-reader-text\">\u015eu andaki fiyat: &#8378;2,000.00.<\/span><\/span>\n<div class=\"archive-product-categories text-center\"><a href=\"https:\/\/ikincielesyadan.com\/magaza\/urun-kategori\/ikinci-el-is-makineleri\/\" rel=\"tag\">ikinci el i\u015f makineleri<\/a><\/div><\/a><a href=\"\/magaza\/wp-json\/wp\/v2\/pages\/277?add-to-cart=452\" aria-describedby=\"woocommerce_loop_add_to_cart_link_describedby_452\" data-quantity=\"1\" class=\"button product_type_simple add_to_cart_button ajax_add_to_cart\" data-product_id=\"452\" data-product_sku=\"\" aria-label=\"Sepete ekle: \u201c2.el b\u00fcy\u00fck su pompas\u0131 domak marka sa\u011flam ve sorunsuz g\u00fc\u00e7l\u00fc pompa\u201d\" rel=\"nofollow\" data-success_message=\"&quot;2.el b\u00fcy\u00fck su pompas\u0131 domak marka sa\u011flam ve sorunsuz g\u00fc\u00e7l\u00fc pompa&quot; sepetinize eklendi\" role=\"button\">Sepete Ekle<\/a>\t<span id=\"woocommerce_loop_add_to_cart_link_describedby_452\" class=\"screen-reader-text\">\n\t\t\t<\/span>\n<\/li>\n<li class=\"product type-product post-502 status-publish instock product_cat-ikinci-el-esya has-post-thumbnail sale shipping-taxable purchasable product-type-simple\">\n\t<a href=\"https:\/\/ikincielesyadan.com\/magaza\/urun\/2-el-yeni-gibi-philips-hava-temizleyici\/\" class=\"woocommerce-LoopProduct-link woocommerce-loop-product__link\">\n\t<span class=\"onsale\">\u0130ndirim!<\/span>\n\t<img loading=\"lazy\" decoding=\"async\" width=\"300\" height=\"300\" src=\"https:\/\/ikincielesyadan.com\/magaza\/wp-content\/uploads\/2025\/12\/2.el-yeni-gibi-Philips-Hava-Temizleyici-2-300x300.png\" class=\"attachment-woocommerce_thumbnail size-woocommerce_thumbnail\" alt=\"2.el yeni gibi Philips Hava Temizleyici\" srcset=\"https:\/\/ikincielesyadan.com\/magaza\/wp-content\/uploads\/2025\/12\/2.el-yeni-gibi-Philips-Hava-Temizleyici-2-300x300.png 300w, https:\/\/ikincielesyadan.com\/magaza\/wp-content\/uploads\/2025\/12\/2.el-yeni-gibi-Philips-Hava-Temizleyici-2-150x150.png 150w, https:\/\/ikincielesyadan.com\/magaza\/wp-content\/uploads\/2025\/12\/2.el-yeni-gibi-Philips-Hava-Temizleyici-2-100x100.png 100w\" sizes=\"auto, (max-width: 300px) 100vw, 300px\" title=\"\"><h2 class=\"woocommerce-loop-product__title\">2.el yeni gibi Philips Hava Temizleyici<\/h2>\n\t<span class=\"price\"><del aria-hidden=\"true\"><span class=\"woocommerce-Price-amount amount\"><bdi><span class=\"woocommerce-Price-currencySymbol\">&#8378;<\/span>6,000.00<\/bdi><\/span><\/del> <span class=\"screen-reader-text\">Orijinal fiyat: &#8378;6,000.00.<\/span><ins aria-hidden=\"true\"><span class=\"woocommerce-Price-amount amount\"><bdi><span class=\"woocommerce-Price-currencySymbol\">&#8378;<\/span>5,000.00<\/bdi><\/span><\/ins><span class=\"screen-reader-text\">\u015eu andaki fiyat: &#8378;5,000.00.<\/span><\/span>\n<div class=\"archive-product-categories text-center\"><a href=\"https:\/\/ikincielesyadan.com\/magaza\/urun-kategori\/ikinci-el-esya\/\" rel=\"tag\">ikinci el e\u015fya<\/a><\/div><\/a><a href=\"\/magaza\/wp-json\/wp\/v2\/pages\/277?add-to-cart=502\" aria-describedby=\"woocommerce_loop_add_to_cart_link_describedby_502\" data-quantity=\"1\" class=\"button product_type_simple add_to_cart_button ajax_add_to_cart\" data-product_id=\"502\" data-product_sku=\"\" aria-label=\"Sepete ekle: \u201c2.el yeni gibi Philips Hava Temizleyici\u201d\" rel=\"nofollow\" data-success_message=\"&quot;2.el yeni gibi Philips Hava Temizleyici&quot; sepetinize eklendi\" role=\"button\">Sepete Ekle<\/a>\t<span id=\"woocommerce_loop_add_to_cart_link_describedby_502\" class=\"screen-reader-text\">\n\t\t\t<\/span>\n<\/li>\n<li class=\"product type-product post-333 status-publish last instock product_cat-ikinci-el-beyaz-esya has-post-thumbnail sale shipping-taxable purchasable product-type-simple\">\n\t<a href=\"https:\/\/ikincielesyadan.com\/magaza\/urun\/amway-espring-su-ariticisi-urun-kutusunda-2-aylik-temiz-cihaz\/\" class=\"woocommerce-LoopProduct-link woocommerce-loop-product__link\">\n\t<span class=\"onsale\">\u0130ndirim!<\/span>\n\t<img loading=\"lazy\" decoding=\"async\" width=\"300\" height=\"300\" src=\"https:\/\/ikincielesyadan.com\/magaza\/wp-content\/uploads\/2024\/05\/Amway-espring-su-ariticisi-urun-kutusunda-1-300x300.png\" class=\"attachment-woocommerce_thumbnail size-woocommerce_thumbnail\" alt=\"Amway espring su ar\u0131t\u0131c\u0131s\u0131 \u00fcr\u00fcn kutusunda 2 ayl\u0131k temiz cihaz\" srcset=\"https:\/\/ikincielesyadan.com\/magaza\/wp-content\/uploads\/2024\/05\/Amway-espring-su-ariticisi-urun-kutusunda-1-300x300.png 300w, https:\/\/ikincielesyadan.com\/magaza\/wp-content\/uploads\/2024\/05\/Amway-espring-su-ariticisi-urun-kutusunda-1-150x150.png 150w, https:\/\/ikincielesyadan.com\/magaza\/wp-content\/uploads\/2024\/05\/Amway-espring-su-ariticisi-urun-kutusunda-1-100x100.png 100w\" sizes=\"auto, (max-width: 300px) 100vw, 300px\" title=\"\"><h2 class=\"woocommerce-loop-product__title\">Amway espring su ar\u0131t\u0131c\u0131s\u0131 \u00fcr\u00fcn kutusunda 2 ayl\u0131k temiz cihaz<\/h2>\n\t<span class=\"price\"><del aria-hidden=\"true\"><span class=\"woocommerce-Price-amount amount\"><bdi><span class=\"woocommerce-Price-currencySymbol\">&#8378;<\/span>950.00<\/bdi><\/span><\/del> <span class=\"screen-reader-text\">Orijinal fiyat: &#8378;950.00.<\/span><ins aria-hidden=\"true\"><span class=\"woocommerce-Price-amount amount\"><bdi><span class=\"woocommerce-Price-currencySymbol\">&#8378;<\/span>850.00<\/bdi><\/span><\/ins><span class=\"screen-reader-text\">\u015eu andaki fiyat: &#8378;850.00.<\/span><\/span>\n<div class=\"archive-product-categories text-center\"><a href=\"https:\/\/ikincielesyadan.com\/magaza\/urun-kategori\/ikinci-el-beyaz-esya\/\" rel=\"tag\">ikinci el beyaz e\u015fya<\/a><\/div><\/a><a href=\"\/magaza\/wp-json\/wp\/v2\/pages\/277?add-to-cart=333\" aria-describedby=\"woocommerce_loop_add_to_cart_link_describedby_333\" data-quantity=\"1\" class=\"button product_type_simple add_to_cart_button ajax_add_to_cart\" data-product_id=\"333\" data-product_sku=\"\" aria-label=\"Sepete ekle: \u201cAmway espring su ar\u0131t\u0131c\u0131s\u0131 \u00fcr\u00fcn kutusunda 2 ayl\u0131k temiz cihaz\u201d\" rel=\"nofollow\" data-success_message=\"&quot;Amway espring su ar\u0131t\u0131c\u0131s\u0131 \u00fcr\u00fcn kutusunda 2 ayl\u0131k temiz cihaz&quot; sepetinize eklendi\" role=\"button\">Sepete Ekle<\/a>\t<span id=\"woocommerce_loop_add_to_cart_link_describedby_333\" class=\"screen-reader-text\">\n\t\t\t<\/span>\n<\/li>\n<li class=\"product type-product post-349 status-publish first instock product_cat-ikinci-el-mobilya product_tag-ikinci-el-masa-sandalye has-post-thumbnail sale shipping-taxable purchasable product-type-simple\">\n\t<a href=\"https:\/\/ikincielesyadan.com\/magaza\/urun\/balkona-bahceye-rattan-sandalye-saglam-kirigi-yok-2-adet\/\" class=\"woocommerce-LoopProduct-link woocommerce-loop-product__link\">\n\t<span class=\"onsale\">\u0130ndirim!<\/span>\n\t<img loading=\"lazy\" decoding=\"async\" width=\"300\" height=\"300\" src=\"https:\/\/ikincielesyadan.com\/magaza\/wp-content\/uploads\/2024\/05\/rattan-sandalye-1-300x300.png\" class=\"attachment-woocommerce_thumbnail size-woocommerce_thumbnail\" alt=\"Balkona bah\u00e7eye rattan sandalye sa\u011flam k\u0131r\u0131\u011f\u0131 yok 2 adet\" srcset=\"https:\/\/ikincielesyadan.com\/magaza\/wp-content\/uploads\/2024\/05\/rattan-sandalye-1-300x300.png 300w, https:\/\/ikincielesyadan.com\/magaza\/wp-content\/uploads\/2024\/05\/rattan-sandalye-1-150x150.png 150w, https:\/\/ikincielesyadan.com\/magaza\/wp-content\/uploads\/2024\/05\/rattan-sandalye-1-100x100.png 100w\" sizes=\"auto, (max-width: 300px) 100vw, 300px\" title=\"\"><h2 class=\"woocommerce-loop-product__title\">Balkona bah\u00e7eye rattan sandalye sa\u011flam k\u0131r\u0131\u011f\u0131 yok 2 adet<\/h2>\n\t<span class=\"price\"><del aria-hidden=\"true\"><span class=\"woocommerce-Price-amount amount\"><bdi><span class=\"woocommerce-Price-currencySymbol\">&#8378;<\/span>150.00<\/bdi><\/span><\/del> <span class=\"screen-reader-text\">Orijinal fiyat: &#8378;150.00.<\/span><ins aria-hidden=\"true\"><span class=\"woocommerce-Price-amount amount\"><bdi><span class=\"woocommerce-Price-currencySymbol\">&#8378;<\/span>140.00<\/bdi><\/span><\/ins><span class=\"screen-reader-text\">\u015eu andaki fiyat: &#8378;140.00.<\/span><\/span>\n<div class=\"archive-product-categories text-center\"><a href=\"https:\/\/ikincielesyadan.com\/magaza\/urun-kategori\/ikinci-el-mobilya\/\" rel=\"tag\">ikinci el mobilya<\/a><\/div><\/a><a href=\"\/magaza\/wp-json\/wp\/v2\/pages\/277?add-to-cart=349\" aria-describedby=\"woocommerce_loop_add_to_cart_link_describedby_349\" data-quantity=\"1\" class=\"button product_type_simple add_to_cart_button ajax_add_to_cart\" data-product_id=\"349\" data-product_sku=\"\" aria-label=\"Sepete ekle: \u201cBalkona bah\u00e7eye rattan sandalye sa\u011flam k\u0131r\u0131\u011f\u0131 yok 2 adet\u201d\" rel=\"nofollow\" data-success_message=\"&quot;Balkona bah\u00e7eye rattan sandalye sa\u011flam k\u0131r\u0131\u011f\u0131 yok 2 adet&quot; sepetinize eklendi\" role=\"button\">Sepete Ekle<\/a>\t<span id=\"woocommerce_loop_add_to_cart_link_describedby_349\" class=\"screen-reader-text\">\n\t\t\t<\/span>\n<\/li>\n<li class=\"product type-product post-481 status-publish instock product_cat-ikinci-el-esya has-post-thumbnail sale shipping-taxable purchasable product-type-simple\">\n\t<a href=\"https:\/\/ikincielesyadan.com\/magaza\/urun\/buzdolabi-motoru-degisim-ve-satis-cikma-buzdolabi-kompresoru-ikinci-el\/\" class=\"woocommerce-LoopProduct-link woocommerce-loop-product__link\">\n\t<span class=\"onsale\">\u0130ndirim!<\/span>\n\t<img loading=\"lazy\" decoding=\"async\" width=\"300\" height=\"300\" src=\"https:\/\/ikincielesyadan.com\/magaza\/wp-content\/uploads\/2025\/08\/cikma-buzdolabi-kompresoru-ikinci-el-300x300.jpg\" class=\"attachment-woocommerce_thumbnail size-woocommerce_thumbnail\" alt=\"Buzdolabi motoru degi\u015fim ve sat\u0131\u015f \u00e7\u0131kma buzdolabi kompres\u00f6r\u00fc ikinci el\" srcset=\"https:\/\/ikincielesyadan.com\/magaza\/wp-content\/uploads\/2025\/08\/cikma-buzdolabi-kompresoru-ikinci-el-300x300.jpg 300w, https:\/\/ikincielesyadan.com\/magaza\/wp-content\/uploads\/2025\/08\/cikma-buzdolabi-kompresoru-ikinci-el-150x150.jpg 150w, https:\/\/ikincielesyadan.com\/magaza\/wp-content\/uploads\/2025\/08\/cikma-buzdolabi-kompresoru-ikinci-el-100x100.jpg 100w\" sizes=\"auto, (max-width: 300px) 100vw, 300px\" title=\"\"><h2 class=\"woocommerce-loop-product__title\">Buzdolabi motoru degi\u015fim ve sat\u0131\u015f \u00e7\u0131kma buzdolabi kompres\u00f6r\u00fc ikinci el<\/h2>\n\t<span class=\"price\"><del aria-hidden=\"true\"><span class=\"woocommerce-Price-amount amount\"><bdi><span class=\"woocommerce-Price-currencySymbol\">&#8378;<\/span>1,200.00<\/bdi><\/span><\/del> <span class=\"screen-reader-text\">Orijinal fiyat: &#8378;1,200.00.<\/span><ins aria-hidden=\"true\"><span class=\"woocommerce-Price-amount amount\"><bdi><span class=\"woocommerce-Price-currencySymbol\">&#8378;<\/span>1,000.00<\/bdi><\/span><\/ins><span class=\"screen-reader-text\">\u015eu andaki fiyat: &#8378;1,000.00.<\/span><\/span>\n<div class=\"archive-product-categories text-center\"><a href=\"https:\/\/ikincielesyadan.com\/magaza\/urun-kategori\/ikinci-el-esya\/\" rel=\"tag\">ikinci el e\u015fya<\/a><\/div><\/a><a href=\"\/magaza\/wp-json\/wp\/v2\/pages\/277?add-to-cart=481\" aria-describedby=\"woocommerce_loop_add_to_cart_link_describedby_481\" data-quantity=\"1\" class=\"button product_type_simple add_to_cart_button ajax_add_to_cart\" data-product_id=\"481\" data-product_sku=\"\" aria-label=\"Sepete ekle: \u201cBuzdolabi motoru degi\u015fim ve sat\u0131\u015f \u00e7\u0131kma buzdolabi kompres\u00f6r\u00fc ikinci el\u201d\" rel=\"nofollow\" data-success_message=\"&quot;Buzdolabi motoru degi\u015fim ve sat\u0131\u015f \u00e7\u0131kma buzdolabi kompres\u00f6r\u00fc ikinci el&quot; sepetinize eklendi\" role=\"button\">Sepete Ekle<\/a>\t<span id=\"woocommerce_loop_add_to_cart_link_describedby_481\" class=\"screen-reader-text\">\n\t\t\t<\/span>\n<\/li>\n<li class=\"product type-product post-417 status-publish instock product_cat-ikinci-el-is-makineleri has-post-thumbnail sale shipping-taxable purchasable product-type-simple\">\n\t<a href=\"https:\/\/ikincielesyadan.com\/magaza\/urun\/ceki-demiri-saglam-orjinal-50-ton-yuke-dayanikli-ceki-demiri\/\" class=\"woocommerce-LoopProduct-link woocommerce-loop-product__link\">\n\t<span class=\"onsale\">\u0130ndirim!<\/span>\n\t<img loading=\"lazy\" decoding=\"async\" width=\"300\" height=\"300\" src=\"https:\/\/ikincielesyadan.com\/magaza\/wp-content\/uploads\/2024\/08\/Ceki-demiri-saglam-orjinal-2-300x300.png\" class=\"attachment-woocommerce_thumbnail size-woocommerce_thumbnail\" alt=\"\u00c7eki demiri sa\u011flam orjinal 50 ton y\u00fcke dayan\u0131kl\u0131 \u00e7eki demiri\" srcset=\"https:\/\/ikincielesyadan.com\/magaza\/wp-content\/uploads\/2024\/08\/Ceki-demiri-saglam-orjinal-2-300x300.png 300w, https:\/\/ikincielesyadan.com\/magaza\/wp-content\/uploads\/2024\/08\/Ceki-demiri-saglam-orjinal-2-150x150.png 150w, https:\/\/ikincielesyadan.com\/magaza\/wp-content\/uploads\/2024\/08\/Ceki-demiri-saglam-orjinal-2-100x100.png 100w\" sizes=\"auto, (max-width: 300px) 100vw, 300px\" title=\"\"><h2 class=\"woocommerce-loop-product__title\">\u00c7eki demiri sa\u011flam orjinal 50 ton y\u00fcke dayan\u0131kl\u0131 \u00e7eki demiri<\/h2>\n\t<span class=\"price\"><del aria-hidden=\"true\"><span class=\"woocommerce-Price-amount amount\"><bdi><span class=\"woocommerce-Price-currencySymbol\">&#8378;<\/span>2,500.00<\/bdi><\/span><\/del> <span class=\"screen-reader-text\">Orijinal fiyat: &#8378;2,500.00.<\/span><ins aria-hidden=\"true\"><span class=\"woocommerce-Price-amount amount\"><bdi><span class=\"woocommerce-Price-currencySymbol\">&#8378;<\/span>2,000.00<\/bdi><\/span><\/ins><span class=\"screen-reader-text\">\u015eu andaki fiyat: &#8378;2,000.00.<\/span><\/span>\n<div class=\"archive-product-categories text-center\"><a href=\"https:\/\/ikincielesyadan.com\/magaza\/urun-kategori\/ikinci-el-is-makineleri\/\" rel=\"tag\">ikinci el i\u015f makineleri<\/a><\/div><\/a><a href=\"\/magaza\/wp-json\/wp\/v2\/pages\/277?add-to-cart=417\" aria-describedby=\"woocommerce_loop_add_to_cart_link_describedby_417\" data-quantity=\"1\" class=\"button product_type_simple add_to_cart_button ajax_add_to_cart\" data-product_id=\"417\" data-product_sku=\"\" aria-label=\"Sepete ekle: \u201c\u00c7eki demiri sa\u011flam orjinal 50 ton y\u00fcke dayan\u0131kl\u0131 \u00e7eki demiri\u201d\" rel=\"nofollow\" data-success_message=\"&quot;\u00c7eki demiri sa\u011flam orjinal 50 ton y\u00fcke dayan\u0131kl\u0131 \u00e7eki demiri&quot; sepetinize eklendi\" role=\"button\">Sepete Ekle<\/a>\t<span id=\"woocommerce_loop_add_to_cart_link_describedby_417\" class=\"screen-reader-text\">\n\t\t\t<\/span>\n<\/li>\n<li class=\"product type-product post-353 status-publish last instock product_cat-ikinci-el-esya product_cat-ikinci-el-mobilya has-post-thumbnail sale shipping-taxable purchasable product-type-simple\">\n\t<a href=\"https:\/\/ikincielesyadan.com\/magaza\/urun\/cikma-parke-200-m2-temiz-ikinci-el-camsan-parke\/\" class=\"woocommerce-LoopProduct-link woocommerce-loop-product__link\">\n\t<span class=\"onsale\">\u0130ndirim!<\/span>\n\t<img loading=\"lazy\" decoding=\"async\" width=\"300\" height=\"300\" src=\"https:\/\/ikincielesyadan.com\/magaza\/wp-content\/uploads\/2024\/05\/IKINCI-EL-CAMSAN-PARKE-2-300x300.png\" class=\"attachment-woocommerce_thumbnail size-woocommerce_thumbnail\" alt=\"\u00c7IKMA PARKE 200 M2 TEM\u0130Z \u0130K\u0130NC\u0130 EL \u00c7AMSAN PARKE\" srcset=\"https:\/\/ikincielesyadan.com\/magaza\/wp-content\/uploads\/2024\/05\/IKINCI-EL-CAMSAN-PARKE-2-300x300.png 300w, https:\/\/ikincielesyadan.com\/magaza\/wp-content\/uploads\/2024\/05\/IKINCI-EL-CAMSAN-PARKE-2-150x150.png 150w, https:\/\/ikincielesyadan.com\/magaza\/wp-content\/uploads\/2024\/05\/IKINCI-EL-CAMSAN-PARKE-2-100x100.png 100w\" sizes=\"auto, (max-width: 300px) 100vw, 300px\" title=\"\"><h2 class=\"woocommerce-loop-product__title\">\u00c7IKMA PARKE 200 M2 TEM\u0130Z \u0130K\u0130NC\u0130 EL \u00c7AMSAN PARKE<\/h2>\n\t<span class=\"price\"><del aria-hidden=\"true\"><span class=\"woocommerce-Price-amount amount\"><bdi><span class=\"woocommerce-Price-currencySymbol\">&#8378;<\/span>25.00<\/bdi><\/span><\/del> <span class=\"screen-reader-text\">Orijinal fiyat: &#8378;25.00.<\/span><ins aria-hidden=\"true\"><span class=\"woocommerce-Price-amount amount\"><bdi><span class=\"woocommerce-Price-currencySymbol\">&#8378;<\/span>23.00<\/bdi><\/span><\/ins><span class=\"screen-reader-text\">\u015eu andaki fiyat: &#8378;23.00.<\/span><\/span>\n<div class=\"archive-product-categories text-center\"><a href=\"https:\/\/ikincielesyadan.com\/magaza\/urun-kategori\/ikinci-el-esya\/\" rel=\"tag\">ikinci el e\u015fya<\/a>,<a href=\"https:\/\/ikincielesyadan.com\/magaza\/urun-kategori\/ikinci-el-mobilya\/\" rel=\"tag\">ikinci el mobilya<\/a><\/div><\/a><a href=\"\/magaza\/wp-json\/wp\/v2\/pages\/277?add-to-cart=353\" aria-describedby=\"woocommerce_loop_add_to_cart_link_describedby_353\" data-quantity=\"1\" class=\"button product_type_simple add_to_cart_button ajax_add_to_cart\" data-product_id=\"353\" data-product_sku=\"\" aria-label=\"Sepete ekle: \u201c\u00c7IKMA PARKE 200 M2 TEM\u0130Z \u0130K\u0130NC\u0130 EL \u00c7AMSAN PARKE\u201d\" rel=\"nofollow\" data-success_message=\"&quot;\u00c7IKMA PARKE 200 M2 TEM\u0130Z \u0130K\u0130NC\u0130 EL \u00c7AMSAN PARKE&quot; sepetinize eklendi\" role=\"button\">Sepete Ekle<\/a>\t<span id=\"woocommerce_loop_add_to_cart_link_describedby_353\" class=\"screen-reader-text\">\n\t\t\t<\/span>\n<\/li>\n<\/ul>\n<\/div>\n","protected":false},"excerpt":{"rendered":"","protected":false},"author":1,"featured_media":279,"parent":0,"menu_order":0,"comment_status":"closed","ping_status":"closed","template":"","meta":{"footnotes":""},"class_list":["post-277","page","type-page","status-publish","has-post-thumbnail","hentry"],"_links":{"self":[{"href":"https:\/\/ikincielesyadan.com\/magaza\/wp-json\/wp\/v2\/pages\/277","targetHints":{"allow":["GET"]}}],"collection":[{"href":"https:\/\/ikincielesyadan.com\/magaza\/wp-json\/wp\/v2\/pages"}],"about":[{"href":"https:\/\/ikincielesyadan.com\/magaza\/wp-json\/wp\/v2\/types\/page"}],"author":[{"embeddable":true,"href":"https:\/\/ikincielesyadan.com\/magaza\/wp-json\/wp\/v2\/users\/1"}],"replies":[{"embeddable":true,"href":"https:\/\/ikincielesyadan.com\/magaza\/wp-json\/wp\/v2\/comments?post=277"}],"version-history":[{"count":1,"href":"https:\/\/ikincielesyadan.com\/magaza\/wp-json\/wp\/v2\/pages\/277\/revisions"}],"predecessor-version":[{"id":280,"href":"https:\/\/ikincielesyadan.com\/magaza\/wp-json\/wp\/v2\/pages\/277\/revisions\/280"}],"wp:featuredmedia":[{"embeddable":true,"href":"https:\/\/ikincielesyadan.com\/magaza\/wp-json\/wp\/v2\/media\/279"}],"wp:attachment":[{"href":"https:\/\/ikincielesyadan.com\/magaza\/wp-json\/wp\/v2\/media?parent=277"}],"curies":[{"name":"wp","href":"https:\/\/api.w.org\/{rel}","templated":true}]}}