{"id":271,"date":"2024-05-29T12:19:41","date_gmt":"2024-05-29T12:19:41","guid":{"rendered":"https:\/\/ikincielesyadan.com\/magaza\/?post_type=product&#038;p=271"},"modified":"2024-05-29T12:28:13","modified_gmt":"2024-05-29T12:28:13","slug":"cikma-buzdolabi-motoru-yeni-nesi-saglam-buzdolabi-motorlari","status":"publish","type":"product","link":"https:\/\/ikincielesyadan.com\/magaza\/urun\/cikma-buzdolabi-motoru-yeni-nesi-saglam-buzdolabi-motorlari\/","title":{"rendered":"\u00c7\u0131kma buzdolab\u0131 motoru yeni nesi sa\u011flam buzdolab\u0131 motorlar\u0131"},"content":{"rendered":"<p><img loading=\"lazy\" decoding=\"async\" class=\"aligncenter size-full wp-image-273\" src=\"https:\/\/ikincielesyadan.com\/magaza\/wp-content\/uploads\/2024\/05\/cikma-buzdolabi-motoru-1.png\" alt=\"\" width=\"688\" height=\"629\" title=\"\" srcset=\"https:\/\/ikincielesyadan.com\/magaza\/wp-content\/uploads\/2024\/05\/cikma-buzdolabi-motoru-1.png 688w, https:\/\/ikincielesyadan.com\/magaza\/wp-content\/uploads\/2024\/05\/cikma-buzdolabi-motoru-1-300x274.png 300w, https:\/\/ikincielesyadan.com\/magaza\/wp-content\/uploads\/2024\/05\/cikma-buzdolabi-motoru-1-600x549.png 600w\" sizes=\"auto, (max-width: 688px) 100vw, 688px\" \/><\/p>\n<p><img loading=\"lazy\" decoding=\"async\" class=\"aligncenter size-full wp-image-272\" src=\"https:\/\/ikincielesyadan.com\/magaza\/wp-content\/uploads\/2024\/05\/cikma-buzdolabi-motoru-2.png\" alt=\"\" width=\"812\" height=\"632\" title=\"\" srcset=\"https:\/\/ikincielesyadan.com\/magaza\/wp-content\/uploads\/2024\/05\/cikma-buzdolabi-motoru-2.png 812w, https:\/\/ikincielesyadan.com\/magaza\/wp-content\/uploads\/2024\/05\/cikma-buzdolabi-motoru-2-300x233.png 300w, https:\/\/ikincielesyadan.com\/magaza\/wp-content\/uploads\/2024\/05\/cikma-buzdolabi-motoru-2-768x598.png 768w, https:\/\/ikincielesyadan.com\/magaza\/wp-content\/uploads\/2024\/05\/cikma-buzdolabi-motoru-2-600x467.png 600w\" sizes=\"auto, (max-width: 812px) 100vw, 812px\" \/><\/p>\n","protected":false},"excerpt":{"rendered":"<p>\u00c7\u0131kma buzdolab\u0131 motoru  Ar\u00e7elik Buzdolab\u0131 Motoru Buzdolab\u0131 ve klimalarda kullan\u0131lan so\u011futucu motor pompa gruplar\u0131na ekovat denilmektedir. Bu ( kompres\u00f6r ama\u00e7l\u0131 )<br \/>\nAr\u00e7elik buzdolab\u0131 motoru ikinci el Fiyatlar\u0131 Buzdolab\u0131 motor ar\u0131zas\u0131 nas\u0131l anla\u015f\u0131l\u0131r? Buzdolab\u0131n\u0131n motor ar\u0131zas\u0131 yapmas\u0131n\u0131n birden<br \/>\n\u00c7\u0131kma buzdolab\u0131 motoru Fiyatlar\u0131 buzdolab\u0131 \u00e7al\u0131\u015f\u0131yor \u00b7 i\u00e7ecek dolab\u0131 d\u00fczenleyici \u00b7 VESTEL BUZDOLAB\u0130 ANAKART<\/p>\n","protected":false},"featured_media":273,"template":"","meta":[],"product_brand":[],"product_cat":[32],"product_tag":[31],"class_list":{"0":"post-271","1":"product","2":"type-product","3":"status-publish","4":"has-post-thumbnail","6":"product_cat-ikinci-el-beyaz-esya","7":"product_tag-ikinci-el-buzdolabi","9":"first","10":"instock","11":"sale","12":"shipping-taxable","13":"purchasable","14":"product-type-simple"},"_links":{"self":[{"href":"https:\/\/ikincielesyadan.com\/magaza\/wp-json\/wp\/v2\/product\/271","targetHints":{"allow":["GET"]}}],"collection":[{"href":"https:\/\/ikincielesyadan.com\/magaza\/wp-json\/wp\/v2\/product"}],"about":[{"href":"https:\/\/ikincielesyadan.com\/magaza\/wp-json\/wp\/v2\/types\/product"}],"wp:featuredmedia":[{"embeddable":true,"href":"https:\/\/ikincielesyadan.com\/magaza\/wp-json\/wp\/v2\/media\/273"}],"wp:attachment":[{"href":"https:\/\/ikincielesyadan.com\/magaza\/wp-json\/wp\/v2\/media?parent=271"}],"wp:term":[{"taxonomy":"product_brand","embeddable":true,"href":"https:\/\/ikincielesyadan.com\/magaza\/wp-json\/wp\/v2\/product_brand?post=271"},{"taxonomy":"product_cat","embeddable":true,"href":"https:\/\/ikincielesyadan.com\/magaza\/wp-json\/wp\/v2\/product_cat?post=271"},{"taxonomy":"product_tag","embeddable":true,"href":"https:\/\/ikincielesyadan.com\/magaza\/wp-json\/wp\/v2\/product_tag?post=271"}],"curies":[{"name":"wp","href":"https:\/\/api.w.org\/{rel}","templated":true}]}}