{"id":304,"date":"2024-05-29T14:01:58","date_gmt":"2024-05-29T14:01:58","guid":{"rendered":"https:\/\/ikincielesyadan.com\/magaza\/?post_type=product&#038;p=304"},"modified":"2024-05-29T14:01:58","modified_gmt":"2024-05-29T14:01:58","slug":"cikma-amerikan-kapi-oteldeki-is-yerinizdeki-amerikan-kapilar","status":"publish","type":"product","link":"https:\/\/ikincielesyadan.com\/magaza\/urun\/cikma-amerikan-kapi-oteldeki-is-yerinizdeki-amerikan-kapilar\/","title":{"rendered":"\u00c7\u0131kma amerikan kap\u0131 oteldeki, i\u015f yerinizdeki amerikan kap\u0131lar"},"content":{"rendered":"<div id=\"attachment_305\" style=\"width: 716px\" class=\"wp-caption aligncenter\"><img loading=\"lazy\" decoding=\"async\" aria-describedby=\"caption-attachment-305\" class=\"wp-image-305 size-full\" title=\"\u00e7\u0131kma amerikan kap\u0131\" src=\"https:\/\/ikincielesyadan.com\/magaza\/wp-content\/uploads\/2024\/05\/cikma-amerikan-kapi-1.png\" alt=\"\" width=\"706\" height=\"589\" srcset=\"https:\/\/ikincielesyadan.com\/magaza\/wp-content\/uploads\/2024\/05\/cikma-amerikan-kapi-1.png 706w, https:\/\/ikincielesyadan.com\/magaza\/wp-content\/uploads\/2024\/05\/cikma-amerikan-kapi-1-300x250.png 300w, https:\/\/ikincielesyadan.com\/magaza\/wp-content\/uploads\/2024\/05\/cikma-amerikan-kapi-1-600x501.png 600w\" sizes=\"auto, (max-width: 706px) 100vw, 706px\" \/><p id=\"caption-attachment-305\" class=\"wp-caption-text\">\u00e7\u0131kma amerikan kap\u0131<\/p><\/div>\n<p><img loading=\"lazy\" decoding=\"async\" class=\"aligncenter size-full wp-image-306\" src=\"https:\/\/ikincielesyadan.com\/magaza\/wp-content\/uploads\/2024\/05\/cikma-amerikan-kapi-2.png\" alt=\"\" width=\"711\" height=\"635\" title=\"\" srcset=\"https:\/\/ikincielesyadan.com\/magaza\/wp-content\/uploads\/2024\/05\/cikma-amerikan-kapi-2.png 711w, https:\/\/ikincielesyadan.com\/magaza\/wp-content\/uploads\/2024\/05\/cikma-amerikan-kapi-2-300x268.png 300w, https:\/\/ikincielesyadan.com\/magaza\/wp-content\/uploads\/2024\/05\/cikma-amerikan-kapi-2-600x536.png 600w\" sizes=\"auto, (max-width: 711px) 100vw, 711px\" \/><\/p>\n","protected":false},"excerpt":{"rendered":"<p>\u00e7\u0131kma amerikan kap\u0131 Amerikan kap\u0131 modelleri uygun fiyatlar ile Amerikan kap\u0131 fiyatlar\u0131n\u0131<br \/>\nsahibinden 2. el oda kap\u0131lar\u0131 2. el amerikan kap\u0131 fiyatlar\u0131 \u00c7\u0131kma Amerikan Kap\u0131 modellerinin \u00fcr\u00fcn ve yorumlar\u0131n\u0131 kar\u015f\u0131la\u015ft\u0131r, en uygun fiyat\u0131n\u0131 D\u00fc\u015fme ya da \u00e7\u0131kma tehlikesiyle kar\u015f\u0131la\u015fmayaca\u011f\u0131n\u0131z s\u00fcrg\u00fcl\u00fc modeller kolay bir 2.el \u00e7\u0131kma kap\u0131lar 2.el amerikan kap\u0131 fiyatlar\u0131 istanbul ikinci el amerikan kap\u0131 \u00c7\u0131kma ev malzemeleriniz al\u0131n\u0131r .Evdeki, avmdeki, <strong>oteldeki, i\u015f yerinizdeki amerikan kap\u0131lar<\/strong><br \/>\nEn ucuz Amerikan Kap\u0131 Fiyatlar\u0131<\/p>\n","protected":false},"featured_media":306,"template":"","meta":[],"product_brand":[],"product_cat":[34],"product_tag":[],"class_list":{"0":"post-304","1":"product","2":"type-product","3":"status-publish","4":"has-post-thumbnail","6":"product_cat-ikinci-el-mobilya","8":"first","9":"instock","10":"sale","11":"shipping-taxable","12":"purchasable","13":"product-type-simple"},"_links":{"self":[{"href":"https:\/\/ikincielesyadan.com\/magaza\/wp-json\/wp\/v2\/product\/304","targetHints":{"allow":["GET"]}}],"collection":[{"href":"https:\/\/ikincielesyadan.com\/magaza\/wp-json\/wp\/v2\/product"}],"about":[{"href":"https:\/\/ikincielesyadan.com\/magaza\/wp-json\/wp\/v2\/types\/product"}],"wp:featuredmedia":[{"embeddable":true,"href":"https:\/\/ikincielesyadan.com\/magaza\/wp-json\/wp\/v2\/media\/306"}],"wp:attachment":[{"href":"https:\/\/ikincielesyadan.com\/magaza\/wp-json\/wp\/v2\/media?parent=304"}],"wp:term":[{"taxonomy":"product_brand","embeddable":true,"href":"https:\/\/ikincielesyadan.com\/magaza\/wp-json\/wp\/v2\/product_brand?post=304"},{"taxonomy":"product_cat","embeddable":true,"href":"https:\/\/ikincielesyadan.com\/magaza\/wp-json\/wp\/v2\/product_cat?post=304"},{"taxonomy":"product_tag","embeddable":true,"href":"https:\/\/ikincielesyadan.com\/magaza\/wp-json\/wp\/v2\/product_tag?post=304"}],"curies":[{"name":"wp","href":"https:\/\/api.w.org\/{rel}","templated":true}]}}