{"id":313,"date":"2024-05-29T14:14:03","date_gmt":"2024-05-29T14:14:03","guid":{"rendered":"https:\/\/ikincielesyadan.com\/magaza\/?post_type=product&#038;p=313"},"modified":"2024-05-29T14:14:03","modified_gmt":"2024-05-29T14:14:03","slug":"defolu-camasir-makinesi-fabrikadan-kusurlu-cikan-makineler","status":"publish","type":"product","link":"https:\/\/ikincielesyadan.com\/magaza\/urun\/defolu-camasir-makinesi-fabrikadan-kusurlu-cikan-makineler\/","title":{"rendered":"Defolu \u00e7ama\u015f\u0131r makinesi fabrikadan kusurlu \u00e7\u0131kan makineler"},"content":{"rendered":"<div id=\"attachment_314\" style=\"width: 753px\" class=\"wp-caption aligncenter\"><img loading=\"lazy\" decoding=\"async\" aria-describedby=\"caption-attachment-314\" class=\"wp-image-314 size-full\" title=\"fabrikadan kusurlu \u00e7\u0131kan makineler\" src=\"https:\/\/ikincielesyadan.com\/magaza\/wp-content\/uploads\/2024\/05\/defolu-camasir-makinesi-2.png\" alt=\"\" width=\"743\" height=\"633\" srcset=\"https:\/\/ikincielesyadan.com\/magaza\/wp-content\/uploads\/2024\/05\/defolu-camasir-makinesi-2.png 743w, https:\/\/ikincielesyadan.com\/magaza\/wp-content\/uploads\/2024\/05\/defolu-camasir-makinesi-2-300x256.png 300w, https:\/\/ikincielesyadan.com\/magaza\/wp-content\/uploads\/2024\/05\/defolu-camasir-makinesi-2-600x511.png 600w\" sizes=\"auto, (max-width: 743px) 100vw, 743px\" \/><p id=\"caption-attachment-314\" class=\"wp-caption-text\">fabrikadan kusurlu \u00e7\u0131kan makineler<\/p><\/div>\n<p><img loading=\"lazy\" decoding=\"async\" class=\"aligncenter size-full wp-image-315\" src=\"https:\/\/ikincielesyadan.com\/magaza\/wp-content\/uploads\/2024\/05\/defolu-camasir-makinesi-1.png\" alt=\"\" width=\"536\" height=\"635\" title=\"\" srcset=\"https:\/\/ikincielesyadan.com\/magaza\/wp-content\/uploads\/2024\/05\/defolu-camasir-makinesi-1.png 536w, https:\/\/ikincielesyadan.com\/magaza\/wp-content\/uploads\/2024\/05\/defolu-camasir-makinesi-1-253x300.png 253w\" sizes=\"auto, (max-width: 536px) 100vw, 536px\" \/><\/p>\n","protected":false},"excerpt":{"rendered":"<p>Ayn\u0131 \u015fekilde, bir makine ya da makine par\u00e7as\u0131 \u00fcreticisinin <strong>Defolu \u00e7ama\u015f\u0131r makinesi<\/strong> Otomobiller ay\u0131pl\u0131d\u0131r, makineler ay\u0131pl\u0131d\u0131r, bilgisayarlar ay\u0131pl\u0131d\u0131r, hatta konutlar bile ay\u0131pl\u0131d\u0131r. Bu kendi firmas\u0131nda \u2013 bisiklet ya da motor \u00fcreten bir fabrikada C makinesi 400 civata \u00fcretmi\u015f olur. Ar\u00e7elik Grubuna y\u00fcrekten te\u015fekk\u00fcr ediyorum:) tercihim iyi ki Grundig olmu\u015f:) h\u0131zl\u0131ca \u00e7\u00f6z\u00fcm sunuldu <strong>Defolu \u00e7ama\u015f\u0131r makinesi<\/strong> A makinesinde \u00e7\u0131kan kusurlu civata i\u00e7in;. \u00e7\u0131kan zararl\u0131 etkilerinden dolay\u0131 t\u00fcketiciye kar\u015f\u0131 sorumlu oldu\u011fu, yasal bo\u015fluk savlar\u0131na kar\u015f\u0131n, kabul edilmektedir 3 civata kusurlu<\/p>\n","protected":false},"featured_media":314,"template":"","meta":[],"product_brand":[],"product_cat":[35],"product_tag":[38],"class_list":{"0":"post-313","1":"product","2":"type-product","3":"status-publish","4":"has-post-thumbnail","6":"product_cat-spot-defolu-esya","7":"product_tag-ikinci-el-camasir-makinesi","9":"first","10":"instock","11":"sale","12":"shipping-taxable","13":"purchasable","14":"product-type-simple"},"_links":{"self":[{"href":"https:\/\/ikincielesyadan.com\/magaza\/wp-json\/wp\/v2\/product\/313","targetHints":{"allow":["GET"]}}],"collection":[{"href":"https:\/\/ikincielesyadan.com\/magaza\/wp-json\/wp\/v2\/product"}],"about":[{"href":"https:\/\/ikincielesyadan.com\/magaza\/wp-json\/wp\/v2\/types\/product"}],"wp:featuredmedia":[{"embeddable":true,"href":"https:\/\/ikincielesyadan.com\/magaza\/wp-json\/wp\/v2\/media\/314"}],"wp:attachment":[{"href":"https:\/\/ikincielesyadan.com\/magaza\/wp-json\/wp\/v2\/media?parent=313"}],"wp:term":[{"taxonomy":"product_brand","embeddable":true,"href":"https:\/\/ikincielesyadan.com\/magaza\/wp-json\/wp\/v2\/product_brand?post=313"},{"taxonomy":"product_cat","embeddable":true,"href":"https:\/\/ikincielesyadan.com\/magaza\/wp-json\/wp\/v2\/product_cat?post=313"},{"taxonomy":"product_tag","embeddable":true,"href":"https:\/\/ikincielesyadan.com\/magaza\/wp-json\/wp\/v2\/product_tag?post=313"}],"curies":[{"name":"wp","href":"https:\/\/api.w.org\/{rel}","templated":true}]}}