{"id":326,"date":"2024-05-30T11:49:37","date_gmt":"2024-05-30T11:49:37","guid":{"rendered":"https:\/\/ikincielesyadan.com\/magaza\/?post_type=product&#038;p=326"},"modified":"2024-05-30T11:49:38","modified_gmt":"2024-05-30T11:49:38","slug":"passat-b8-sol-arka-kapi-cikma-passat-arka-sol-kapi-cikmaci","status":"publish","type":"product","link":"https:\/\/ikincielesyadan.com\/magaza\/urun\/passat-b8-sol-arka-kapi-cikma-passat-arka-sol-kapi-cikmaci\/","title":{"rendered":"PASSAT B8 SOL ARKA KAPI \u00e7\u0131kma passat arka sol kap\u0131 \u00e7\u0131kmac\u0131"},"content":{"rendered":"<div id=\"attachment_327\" style=\"width: 509px\" class=\"wp-caption aligncenter\"><img loading=\"lazy\" decoding=\"async\" aria-describedby=\"caption-attachment-327\" class=\"wp-image-327 size-full\" title=\"passat arka sol kap\u0131 \u00e7\u0131kma\" src=\"https:\/\/ikincielesyadan.com\/magaza\/wp-content\/uploads\/2024\/05\/passat-arka-sol-kapi-cikma-1.png\" alt=\"\" width=\"499\" height=\"634\" srcset=\"https:\/\/ikincielesyadan.com\/magaza\/wp-content\/uploads\/2024\/05\/passat-arka-sol-kapi-cikma-1.png 499w, https:\/\/ikincielesyadan.com\/magaza\/wp-content\/uploads\/2024\/05\/passat-arka-sol-kapi-cikma-1-236x300.png 236w\" sizes=\"auto, (max-width: 499px) 100vw, 499px\" \/><p id=\"caption-attachment-327\" class=\"wp-caption-text\">passat arka sol kap\u0131 \u00e7\u0131kma<\/p><\/div>\n<div id=\"attachment_328\" style=\"width: 607px\" class=\"wp-caption aligncenter\"><img loading=\"lazy\" decoding=\"async\" aria-describedby=\"caption-attachment-328\" class=\"wp-image-328 size-full\" title=\"passat arka sol kap\u0131 \u00e7\u0131kma\" src=\"https:\/\/ikincielesyadan.com\/magaza\/wp-content\/uploads\/2024\/05\/passat-arka-sol-kapi-cikma-2.png\" alt=\"\" width=\"597\" height=\"637\" srcset=\"https:\/\/ikincielesyadan.com\/magaza\/wp-content\/uploads\/2024\/05\/passat-arka-sol-kapi-cikma-2.png 597w, https:\/\/ikincielesyadan.com\/magaza\/wp-content\/uploads\/2024\/05\/passat-arka-sol-kapi-cikma-2-281x300.png 281w\" sizes=\"auto, (max-width: 597px) 100vw, 597px\" \/><p id=\"caption-attachment-328\" class=\"wp-caption-text\">passat arka sol kap\u0131 \u00e7\u0131kma<\/p><\/div>\n<p><img loading=\"lazy\" decoding=\"async\" class=\"aligncenter size-full wp-image-329\" src=\"https:\/\/ikincielesyadan.com\/magaza\/wp-content\/uploads\/2024\/05\/passat-arka-sol-kapi-cikma-3.png\" alt=\"\" width=\"593\" height=\"631\" title=\"\" srcset=\"https:\/\/ikincielesyadan.com\/magaza\/wp-content\/uploads\/2024\/05\/passat-arka-sol-kapi-cikma-3.png 593w, https:\/\/ikincielesyadan.com\/magaza\/wp-content\/uploads\/2024\/05\/passat-arka-sol-kapi-cikma-3-282x300.png 282w\" sizes=\"auto, (max-width: 593px) 100vw, 593px\" \/>passat arka sol kap\u0131 \u00e7\u0131kma<\/p>\n","protected":false},"excerpt":{"rendered":"<p>passat arka sol kap\u0131 \u00e7\u0131kma <strong>VOLKSWAGEN JETTA SA\u011e ARKA KAPI \u00c7IKMA VOLKSWAGEN PASSAT B5,<\/strong> B6, B7, B8 KASA ARKA SOL KAPILAR ORJ\u0130NAL VOLKSWAGEN JETTA SA\u011e ARKA Volkswagen Passat 2015-2017 \u00c7\u0131kma Yedek Sol Arka Kap\u0131 BERHAN VOLKSWAGEN&#8217; den PASSAT B8 SOL ARKA KAPI PASSAT B8 SOL ARKA KAPI volkswagen passat sol arka kap\u0131 \u00b7 Fiyat bilgisi ve sipari\u015f i\u00e7in<\/p>\n","protected":false},"featured_media":329,"template":"","meta":[],"product_brand":[],"product_cat":[15],"product_tag":[],"class_list":{"0":"post-326","1":"product","2":"type-product","3":"status-publish","4":"has-post-thumbnail","6":"product_cat-ikinci-el-esya","8":"first","9":"instock","10":"sale","11":"shipping-taxable","12":"purchasable","13":"product-type-simple"},"_links":{"self":[{"href":"https:\/\/ikincielesyadan.com\/magaza\/wp-json\/wp\/v2\/product\/326","targetHints":{"allow":["GET"]}}],"collection":[{"href":"https:\/\/ikincielesyadan.com\/magaza\/wp-json\/wp\/v2\/product"}],"about":[{"href":"https:\/\/ikincielesyadan.com\/magaza\/wp-json\/wp\/v2\/types\/product"}],"wp:featuredmedia":[{"embeddable":true,"href":"https:\/\/ikincielesyadan.com\/magaza\/wp-json\/wp\/v2\/media\/329"}],"wp:attachment":[{"href":"https:\/\/ikincielesyadan.com\/magaza\/wp-json\/wp\/v2\/media?parent=326"}],"wp:term":[{"taxonomy":"product_brand","embeddable":true,"href":"https:\/\/ikincielesyadan.com\/magaza\/wp-json\/wp\/v2\/product_brand?post=326"},{"taxonomy":"product_cat","embeddable":true,"href":"https:\/\/ikincielesyadan.com\/magaza\/wp-json\/wp\/v2\/product_cat?post=326"},{"taxonomy":"product_tag","embeddable":true,"href":"https:\/\/ikincielesyadan.com\/magaza\/wp-json\/wp\/v2\/product_tag?post=326"}],"curies":[{"name":"wp","href":"https:\/\/api.w.org\/{rel}","templated":true}]}}