{"id":336,"date":"2024-05-30T13:34:14","date_gmt":"2024-05-30T13:34:14","guid":{"rendered":"https:\/\/ikincielesyadan.com\/magaza\/?post_type=product&#038;p=336"},"modified":"2024-05-30T13:34:14","modified_gmt":"2024-05-30T13:34:14","slug":"ogrenci-icin-ucuz-fiyata-firinli-ocak-1-senelik-firin","status":"publish","type":"product","link":"https:\/\/ikincielesyadan.com\/magaza\/urun\/ogrenci-icin-ucuz-fiyata-firinli-ocak-1-senelik-firin\/","title":{"rendered":"\u00d6\u011frenci i\u00e7in ucuz fiyata f\u0131r\u0131nl\u0131 ocak 1 senelik f\u0131r\u0131n"},"content":{"rendered":"<div id=\"attachment_337\" style=\"width: 853px\" class=\"wp-caption aligncenter\"><img loading=\"lazy\" decoding=\"async\" aria-describedby=\"caption-attachment-337\" class=\"wp-image-337 size-full\" title=\"f\u0131r\u0131nl\u0131 ocak 1 senelik f\u0131r\u0131n\" src=\"https:\/\/ikincielesyadan.com\/magaza\/wp-content\/uploads\/2024\/05\/firinli-ocak-1-senelik-firin-2.png\" alt=\"\" width=\"843\" height=\"632\" srcset=\"https:\/\/ikincielesyadan.com\/magaza\/wp-content\/uploads\/2024\/05\/firinli-ocak-1-senelik-firin-2.png 843w, https:\/\/ikincielesyadan.com\/magaza\/wp-content\/uploads\/2024\/05\/firinli-ocak-1-senelik-firin-2-300x225.png 300w, https:\/\/ikincielesyadan.com\/magaza\/wp-content\/uploads\/2024\/05\/firinli-ocak-1-senelik-firin-2-768x576.png 768w, https:\/\/ikincielesyadan.com\/magaza\/wp-content\/uploads\/2024\/05\/firinli-ocak-1-senelik-firin-2-160x120.png 160w, https:\/\/ikincielesyadan.com\/magaza\/wp-content\/uploads\/2024\/05\/firinli-ocak-1-senelik-firin-2-600x450.png 600w\" sizes=\"auto, (max-width: 843px) 100vw, 843px\" \/><p id=\"caption-attachment-337\" class=\"wp-caption-text\">f\u0131r\u0131nl\u0131 ocak 1 senelik f\u0131r\u0131n<\/p><\/div>\n<p><img loading=\"lazy\" decoding=\"async\" class=\"aligncenter size-full wp-image-338\" src=\"https:\/\/ikincielesyadan.com\/magaza\/wp-content\/uploads\/2024\/05\/firinli-ocak-1-senelik-firin-1.png\" alt=\"\" width=\"601\" height=\"633\" title=\"\" srcset=\"https:\/\/ikincielesyadan.com\/magaza\/wp-content\/uploads\/2024\/05\/firinli-ocak-1-senelik-firin-1.png 601w, https:\/\/ikincielesyadan.com\/magaza\/wp-content\/uploads\/2024\/05\/firinli-ocak-1-senelik-firin-1-285x300.png 285w\" sizes=\"auto, (max-width: 601px) 100vw, 601px\" \/><\/p>\n","protected":false},"excerpt":{"rendered":"<p>f\u0131r\u0131nl\u0131 ocak 1 senelik f\u0131r\u0131n Do\u011fal gaz ve t\u00fcpe uyumlu olup, f\u0131r\u0131n\u0131n pi\u015firimi iyidir. Ocak ba\u015fl\u0131klar\u0131 ve ocak \u0131zgaras\u0131, f\u0131r\u0131n i\u00e7i tel \u0131zgara ve \u00dcr\u00fcn A\u00e7\u0131klamas\u0131. <strong>Kumtel f\u0131r\u0131nl\u0131 ocaklar ne kadar?<\/strong><br \/>\nT\u00fcpl\u00fc f\u0131r\u0131n var m\u0131? 5 Tepsili, elektrikli, konveksiyonel f\u0131r\u0131n. \u00b7 Foto\u011frafta g\u00f6r\u00fclen mayalama dolab\u0131 fiyata<br \/>\nBeko&#8217;nun f\u0131r\u0131nlar\u0131 ne kadar? \u0130K\u0130NC\u0130 EL MAK\u0130NALARINIZIN TAM\u0130R BAKIMI YAPILIR ALINIR REV\u0130ZE ED\u0130LM\u0130\u015e<br \/>\nAr\u00e7elik f\u0131r\u0131n fiyatlar\u0131 ne kadard\u0131r?<\/p>\n","protected":false},"featured_media":337,"template":"","meta":[],"product_brand":[],"product_cat":[32],"product_tag":[],"class_list":{"0":"post-336","1":"product","2":"type-product","3":"status-publish","4":"has-post-thumbnail","6":"product_cat-ikinci-el-beyaz-esya","8":"first","9":"instock","10":"sale","11":"shipping-taxable","12":"purchasable","13":"product-type-simple"},"_links":{"self":[{"href":"https:\/\/ikincielesyadan.com\/magaza\/wp-json\/wp\/v2\/product\/336","targetHints":{"allow":["GET"]}}],"collection":[{"href":"https:\/\/ikincielesyadan.com\/magaza\/wp-json\/wp\/v2\/product"}],"about":[{"href":"https:\/\/ikincielesyadan.com\/magaza\/wp-json\/wp\/v2\/types\/product"}],"wp:featuredmedia":[{"embeddable":true,"href":"https:\/\/ikincielesyadan.com\/magaza\/wp-json\/wp\/v2\/media\/337"}],"wp:attachment":[{"href":"https:\/\/ikincielesyadan.com\/magaza\/wp-json\/wp\/v2\/media?parent=336"}],"wp:term":[{"taxonomy":"product_brand","embeddable":true,"href":"https:\/\/ikincielesyadan.com\/magaza\/wp-json\/wp\/v2\/product_brand?post=336"},{"taxonomy":"product_cat","embeddable":true,"href":"https:\/\/ikincielesyadan.com\/magaza\/wp-json\/wp\/v2\/product_cat?post=336"},{"taxonomy":"product_tag","embeddable":true,"href":"https:\/\/ikincielesyadan.com\/magaza\/wp-json\/wp\/v2\/product_tag?post=336"}],"curies":[{"name":"wp","href":"https:\/\/api.w.org\/{rel}","templated":true}]}}