{"id":339,"date":"2024-05-30T13:37:45","date_gmt":"2024-05-30T13:37:45","guid":{"rendered":"https:\/\/ikincielesyadan.com\/magaza\/?post_type=product&#038;p=339"},"modified":"2024-05-30T13:37:45","modified_gmt":"2024-05-30T13:37:45","slug":"mutfak-bankolari-icin-yuksek-doner-bar-tipi-sandalye","status":"publish","type":"product","link":"https:\/\/ikincielesyadan.com\/magaza\/urun\/mutfak-bankolari-icin-yuksek-doner-bar-tipi-sandalye\/","title":{"rendered":"Mutfak bankolar\u0131 i\u00e7in y\u00fcksek d\u00f6ner bar tipi sandalye"},"content":{"rendered":"<div id=\"attachment_340\" style=\"width: 628px\" class=\"wp-caption aligncenter\"><img loading=\"lazy\" decoding=\"async\" aria-describedby=\"caption-attachment-340\" class=\"wp-image-340 size-full\" title=\"y\u00fcksek d\u00f6ner bar tipi sandalye\" src=\"https:\/\/ikincielesyadan.com\/magaza\/wp-content\/uploads\/2024\/05\/Mutfak-bankolari-icin-2-ad-yuksek-doner-bar-tipi-sandalye-3.png\" alt=\"\" width=\"618\" height=\"634\" srcset=\"https:\/\/ikincielesyadan.com\/magaza\/wp-content\/uploads\/2024\/05\/Mutfak-bankolari-icin-2-ad-yuksek-doner-bar-tipi-sandalye-3.png 618w, https:\/\/ikincielesyadan.com\/magaza\/wp-content\/uploads\/2024\/05\/Mutfak-bankolari-icin-2-ad-yuksek-doner-bar-tipi-sandalye-3-292x300.png 292w, https:\/\/ikincielesyadan.com\/magaza\/wp-content\/uploads\/2024\/05\/Mutfak-bankolari-icin-2-ad-yuksek-doner-bar-tipi-sandalye-3-600x616.png 600w\" sizes=\"auto, (max-width: 618px) 100vw, 618px\" \/><p id=\"caption-attachment-340\" class=\"wp-caption-text\">y\u00fcksek d\u00f6ner bar tipi sandalye<\/p><\/div>\n<p><img loading=\"lazy\" decoding=\"async\" class=\"aligncenter size-full wp-image-341\" src=\"https:\/\/ikincielesyadan.com\/magaza\/wp-content\/uploads\/2024\/05\/Mutfak-bankolari-icin-2-ad-yuksek-doner-bar-tipi-sandalye-1.png\" alt=\"\" width=\"697\" height=\"632\" title=\"\" srcset=\"https:\/\/ikincielesyadan.com\/magaza\/wp-content\/uploads\/2024\/05\/Mutfak-bankolari-icin-2-ad-yuksek-doner-bar-tipi-sandalye-1.png 697w, https:\/\/ikincielesyadan.com\/magaza\/wp-content\/uploads\/2024\/05\/Mutfak-bankolari-icin-2-ad-yuksek-doner-bar-tipi-sandalye-1-300x272.png 300w, https:\/\/ikincielesyadan.com\/magaza\/wp-content\/uploads\/2024\/05\/Mutfak-bankolari-icin-2-ad-yuksek-doner-bar-tipi-sandalye-1-600x544.png 600w\" sizes=\"auto, (max-width: 697px) 100vw, 697px\" \/> <img loading=\"lazy\" decoding=\"async\" class=\"aligncenter size-full wp-image-342\" src=\"https:\/\/ikincielesyadan.com\/magaza\/wp-content\/uploads\/2024\/05\/Mutfak-bankolari-icin-2-ad-yuksek-doner-bar-tipi-sandalye-2.png\" alt=\"\" width=\"615\" height=\"634\" title=\"\" srcset=\"https:\/\/ikincielesyadan.com\/magaza\/wp-content\/uploads\/2024\/05\/Mutfak-bankolari-icin-2-ad-yuksek-doner-bar-tipi-sandalye-2.png 615w, https:\/\/ikincielesyadan.com\/magaza\/wp-content\/uploads\/2024\/05\/Mutfak-bankolari-icin-2-ad-yuksek-doner-bar-tipi-sandalye-2-291x300.png 291w, https:\/\/ikincielesyadan.com\/magaza\/wp-content\/uploads\/2024\/05\/Mutfak-bankolari-icin-2-ad-yuksek-doner-bar-tipi-sandalye-2-600x619.png 600w\" sizes=\"auto, (max-width: 615px) 100vw, 615px\" \/><\/p>\n","protected":false},"excerpt":{"rendered":"<p>Mutfak bankolar\u0131 i\u00e7in 2 ad y\u00fcksek d\u00f6ner bar tipi sandalye \u0130kinci El Sandalye Fiyatlar\u0131 ; ah\u015fap bank dogal. 4.000 TL. Ankara, Alt\u0131nda\u011f ; ikili mutfak sandalyesi. 450 TL. \u0130stanbul, Beylikd\u00fcz\u00fc ; bar sandalyesi. 2.250 T \u0130kinci el sat\u0131l\u0131k mobilyalar farkl\u0131 marka ve model Kuponlu \u00dcr\u00fcn. By Orhan G\u00fczel Bar Sandalyesi , Ada Mutfak Sandalyesi , Bar Taburesi Mutfak bankolar\u0131 i\u00e7in 2 ad y\u00fcksek d\u00f6ner<\/p>\n","protected":false},"featured_media":341,"template":"","meta":[],"product_brand":[],"product_cat":[34],"product_tag":[39],"class_list":{"0":"post-339","1":"product","2":"type-product","3":"status-publish","4":"has-post-thumbnail","6":"product_cat-ikinci-el-mobilya","7":"product_tag-ikinci-el-masa-sandalye","9":"first","10":"instock","11":"sale","12":"shipping-taxable","13":"purchasable","14":"product-type-simple"},"_links":{"self":[{"href":"https:\/\/ikincielesyadan.com\/magaza\/wp-json\/wp\/v2\/product\/339","targetHints":{"allow":["GET"]}}],"collection":[{"href":"https:\/\/ikincielesyadan.com\/magaza\/wp-json\/wp\/v2\/product"}],"about":[{"href":"https:\/\/ikincielesyadan.com\/magaza\/wp-json\/wp\/v2\/types\/product"}],"wp:featuredmedia":[{"embeddable":true,"href":"https:\/\/ikincielesyadan.com\/magaza\/wp-json\/wp\/v2\/media\/341"}],"wp:attachment":[{"href":"https:\/\/ikincielesyadan.com\/magaza\/wp-json\/wp\/v2\/media?parent=339"}],"wp:term":[{"taxonomy":"product_brand","embeddable":true,"href":"https:\/\/ikincielesyadan.com\/magaza\/wp-json\/wp\/v2\/product_brand?post=339"},{"taxonomy":"product_cat","embeddable":true,"href":"https:\/\/ikincielesyadan.com\/magaza\/wp-json\/wp\/v2\/product_cat?post=339"},{"taxonomy":"product_tag","embeddable":true,"href":"https:\/\/ikincielesyadan.com\/magaza\/wp-json\/wp\/v2\/product_tag?post=339"}],"curies":[{"name":"wp","href":"https:\/\/api.w.org\/{rel}","templated":true}]}}