{"id":346,"date":"2024-05-30T13:47:23","date_gmt":"2024-05-30T13:47:23","guid":{"rendered":"https:\/\/ikincielesyadan.com\/magaza\/?post_type=product&#038;p=346"},"modified":"2024-05-30T13:47:23","modified_gmt":"2024-05-30T13:47:23","slug":"masaj-sedyesi-satin-alinan-2-el-masaj-sedyesi-kesinlikle-ahsap","status":"publish","type":"product","link":"https:\/\/ikincielesyadan.com\/magaza\/urun\/masaj-sedyesi-satin-alinan-2-el-masaj-sedyesi-kesinlikle-ahsap\/","title":{"rendered":"Masaj sedyesi Sat\u0131n al\u0131nan 2.el masaj sedyesi kesinlikle ah\u015fap"},"content":{"rendered":"<p><img loading=\"lazy\" decoding=\"async\" class=\"aligncenter size-full wp-image-347\" src=\"https:\/\/ikincielesyadan.com\/magaza\/wp-content\/uploads\/2024\/05\/masaj-sedyesi-1.png\" alt=\"\" width=\"1154\" height=\"631\" title=\"\" srcset=\"https:\/\/ikincielesyadan.com\/magaza\/wp-content\/uploads\/2024\/05\/masaj-sedyesi-1.png 1154w, https:\/\/ikincielesyadan.com\/magaza\/wp-content\/uploads\/2024\/05\/masaj-sedyesi-1-300x164.png 300w, https:\/\/ikincielesyadan.com\/magaza\/wp-content\/uploads\/2024\/05\/masaj-sedyesi-1-1024x560.png 1024w, https:\/\/ikincielesyadan.com\/magaza\/wp-content\/uploads\/2024\/05\/masaj-sedyesi-1-768x420.png 768w, https:\/\/ikincielesyadan.com\/magaza\/wp-content\/uploads\/2024\/05\/masaj-sedyesi-1-600x328.png 600w\" sizes=\"auto, (max-width: 1154px) 100vw, 1154px\" \/> <img loading=\"lazy\" decoding=\"async\" class=\"aligncenter size-full wp-image-348\" src=\"https:\/\/ikincielesyadan.com\/magaza\/wp-content\/uploads\/2024\/05\/masaj-sedyesi-2.png\" alt=\"\" width=\"748\" height=\"636\" title=\"\" srcset=\"https:\/\/ikincielesyadan.com\/magaza\/wp-content\/uploads\/2024\/05\/masaj-sedyesi-2.png 748w, https:\/\/ikincielesyadan.com\/magaza\/wp-content\/uploads\/2024\/05\/masaj-sedyesi-2-300x255.png 300w, https:\/\/ikincielesyadan.com\/magaza\/wp-content\/uploads\/2024\/05\/masaj-sedyesi-2-600x510.png 600w\" sizes=\"auto, (max-width: 748px) 100vw, 748px\" \/><\/p>\n","protected":false},"excerpt":{"rendered":"<p>Sat\u0131n al\u0131nan 2.el masaj sedyesi kesinlikle ah\u015fap \u0130kinci El Ah\u015fap Spa Yata\u011f\u0131 \u0130STANBUL Az Bir Zaman Kullan\u0131lm\u0131\u015f \u0130kinci El L\u00fcks Spa Masaj Yata\u011f\u0131n\u0131 Uzun Zaman \u0130kinci el profil ayakl\u0131 masaj yata\u011f\u0131 fiyat\u0131 ne kadar diye merak edebilirsiniz. Sahibinden masaj yata\u011f\u0131 ve ikinci el masaj yata\u011f\u0131 \u00e7ok fazla ara\u015ft\u0131r\u0131l\u0131r.<\/p>\n","protected":false},"featured_media":347,"template":"","meta":[],"product_brand":[],"product_cat":[15],"product_tag":[],"class_list":{"0":"post-346","1":"product","2":"type-product","3":"status-publish","4":"has-post-thumbnail","6":"product_cat-ikinci-el-esya","8":"first","9":"instock","10":"sale","11":"shipping-taxable","12":"purchasable","13":"product-type-simple"},"_links":{"self":[{"href":"https:\/\/ikincielesyadan.com\/magaza\/wp-json\/wp\/v2\/product\/346","targetHints":{"allow":["GET"]}}],"collection":[{"href":"https:\/\/ikincielesyadan.com\/magaza\/wp-json\/wp\/v2\/product"}],"about":[{"href":"https:\/\/ikincielesyadan.com\/magaza\/wp-json\/wp\/v2\/types\/product"}],"wp:featuredmedia":[{"embeddable":true,"href":"https:\/\/ikincielesyadan.com\/magaza\/wp-json\/wp\/v2\/media\/347"}],"wp:attachment":[{"href":"https:\/\/ikincielesyadan.com\/magaza\/wp-json\/wp\/v2\/media?parent=346"}],"wp:term":[{"taxonomy":"product_brand","embeddable":true,"href":"https:\/\/ikincielesyadan.com\/magaza\/wp-json\/wp\/v2\/product_brand?post=346"},{"taxonomy":"product_cat","embeddable":true,"href":"https:\/\/ikincielesyadan.com\/magaza\/wp-json\/wp\/v2\/product_cat?post=346"},{"taxonomy":"product_tag","embeddable":true,"href":"https:\/\/ikincielesyadan.com\/magaza\/wp-json\/wp\/v2\/product_tag?post=346"}],"curies":[{"name":"wp","href":"https:\/\/api.w.org\/{rel}","templated":true}]}}