{"id":353,"date":"2024-05-31T06:21:18","date_gmt":"2024-05-31T06:21:18","guid":{"rendered":"https:\/\/ikincielesyadan.com\/magaza\/?post_type=product&#038;p=353"},"modified":"2024-05-31T06:21:18","modified_gmt":"2024-05-31T06:21:18","slug":"cikma-parke-200-m2-temiz-ikinci-el-camsan-parke","status":"publish","type":"product","link":"https:\/\/ikincielesyadan.com\/magaza\/urun\/cikma-parke-200-m2-temiz-ikinci-el-camsan-parke\/","title":{"rendered":"\u00c7IKMA PARKE 200 M2 TEM\u0130Z \u0130K\u0130NC\u0130 EL \u00c7AMSAN PARKE"},"content":{"rendered":"<p><img loading=\"lazy\" decoding=\"async\" class=\"aligncenter size-full wp-image-354\" src=\"https:\/\/ikincielesyadan.com\/magaza\/wp-content\/uploads\/2024\/05\/IKINCI-EL-CAMSAN-PARKE-2.png\" alt=\"\" width=\"741\" height=\"630\" title=\"\" srcset=\"https:\/\/ikincielesyadan.com\/magaza\/wp-content\/uploads\/2024\/05\/IKINCI-EL-CAMSAN-PARKE-2.png 741w, https:\/\/ikincielesyadan.com\/magaza\/wp-content\/uploads\/2024\/05\/IKINCI-EL-CAMSAN-PARKE-2-300x255.png 300w, https:\/\/ikincielesyadan.com\/magaza\/wp-content\/uploads\/2024\/05\/IKINCI-EL-CAMSAN-PARKE-2-600x510.png 600w\" sizes=\"auto, (max-width: 741px) 100vw, 741px\" \/> <img loading=\"lazy\" decoding=\"async\" class=\"aligncenter size-full wp-image-355\" src=\"https:\/\/ikincielesyadan.com\/magaza\/wp-content\/uploads\/2024\/05\/IKINCI-EL-CAMSAN-PARKE-1.png\" alt=\"\" width=\"739\" height=\"632\" title=\"\" srcset=\"https:\/\/ikincielesyadan.com\/magaza\/wp-content\/uploads\/2024\/05\/IKINCI-EL-CAMSAN-PARKE-1.png 739w, https:\/\/ikincielesyadan.com\/magaza\/wp-content\/uploads\/2024\/05\/IKINCI-EL-CAMSAN-PARKE-1-300x257.png 300w, https:\/\/ikincielesyadan.com\/magaza\/wp-content\/uploads\/2024\/05\/IKINCI-EL-CAMSAN-PARKE-1-600x513.png 600w\" sizes=\"auto, (max-width: 739px) 100vw, 739px\" \/><\/p>\n","protected":false},"excerpt":{"rendered":"<p>\u0130kinci el parke \u0130stanbul, toplu ihtiya\u00e7lar\u0131n\u0131zda da daima yan\u0131n\u0131zda yer al\u0131r.\u00a0<strong><em>cikma parke<\/em><\/strong> \u0130kinci el parke, \u00f6nceden kullan\u0131lm\u0131\u015f olmas\u0131na ra\u011fmen y\u00fczeyinde Firmam\u0131z, ikinci el parke ve \u00e7\u0131kma parke al\u0131m sat\u0131m\u0131 yapmaktad\u0131r. \u0130kinci El Parke, \u00e7\u0131kma parke. <strong>\u0130kinci El Parke, \u00e7\u0131kma parke. b\u00fcy\u00fck hasarlar yoksa, hala<\/strong> sa\u011flam bir yap\u0131da olabilir. \u00c7\u0131kma parkeleriniz al\u0131n\u0131r; Parkeleriniz tecr\u00fcbeli i\u015f\u00e7ilerimiz taraf\u0131ndan s\u00f6k\u00fclerek al\u0131n\u0131r<\/p>\n","protected":false},"featured_media":354,"template":"","meta":[],"product_brand":[],"product_cat":[15,34],"product_tag":[],"class_list":{"0":"post-353","1":"product","2":"type-product","3":"status-publish","4":"has-post-thumbnail","6":"product_cat-ikinci-el-esya","7":"product_cat-ikinci-el-mobilya","9":"first","10":"instock","11":"sale","12":"shipping-taxable","13":"purchasable","14":"product-type-simple"},"_links":{"self":[{"href":"https:\/\/ikincielesyadan.com\/magaza\/wp-json\/wp\/v2\/product\/353","targetHints":{"allow":["GET"]}}],"collection":[{"href":"https:\/\/ikincielesyadan.com\/magaza\/wp-json\/wp\/v2\/product"}],"about":[{"href":"https:\/\/ikincielesyadan.com\/magaza\/wp-json\/wp\/v2\/types\/product"}],"wp:featuredmedia":[{"embeddable":true,"href":"https:\/\/ikincielesyadan.com\/magaza\/wp-json\/wp\/v2\/media\/354"}],"wp:attachment":[{"href":"https:\/\/ikincielesyadan.com\/magaza\/wp-json\/wp\/v2\/media?parent=353"}],"wp:term":[{"taxonomy":"product_brand","embeddable":true,"href":"https:\/\/ikincielesyadan.com\/magaza\/wp-json\/wp\/v2\/product_brand?post=353"},{"taxonomy":"product_cat","embeddable":true,"href":"https:\/\/ikincielesyadan.com\/magaza\/wp-json\/wp\/v2\/product_cat?post=353"},{"taxonomy":"product_tag","embeddable":true,"href":"https:\/\/ikincielesyadan.com\/magaza\/wp-json\/wp\/v2\/product_tag?post=353"}],"curies":[{"name":"wp","href":"https:\/\/api.w.org\/{rel}","templated":true}]}}