{"id":357,"date":"2024-06-07T06:15:13","date_gmt":"2024-06-07T06:15:13","guid":{"rendered":"https:\/\/ikincielesyadan.com\/magaza\/?post_type=product&#038;p=357"},"modified":"2024-06-07T06:15:14","modified_gmt":"2024-06-07T06:15:14","slug":"insaat-demiri-spot-ucuz-kamyon-bazinda-guncel-demir-fiyatlari","status":"publish","type":"product","link":"https:\/\/ikincielesyadan.com\/magaza\/urun\/insaat-demiri-spot-ucuz-kamyon-bazinda-guncel-demir-fiyatlari\/","title":{"rendered":"in\u015faat demiri spot ucuz kamyon baz\u0131nda g\u00fcncel demir fiyatlar\u0131"},"content":{"rendered":"<div id=\"attachment_358\" style=\"width: 885px\" class=\"wp-caption aligncenter\"><img loading=\"lazy\" decoding=\"async\" aria-describedby=\"caption-attachment-358\" class=\"wp-image-358 size-full\" title=\"in\u015faat demiri spot\" src=\"https:\/\/ikincielesyadan.com\/magaza\/wp-content\/uploads\/2024\/06\/insaat-demiri-spot-1.png\" alt=\"\" width=\"875\" height=\"488\" srcset=\"https:\/\/ikincielesyadan.com\/magaza\/wp-content\/uploads\/2024\/06\/insaat-demiri-spot-1.png 875w, https:\/\/ikincielesyadan.com\/magaza\/wp-content\/uploads\/2024\/06\/insaat-demiri-spot-1-300x167.png 300w, https:\/\/ikincielesyadan.com\/magaza\/wp-content\/uploads\/2024\/06\/insaat-demiri-spot-1-768x428.png 768w, https:\/\/ikincielesyadan.com\/magaza\/wp-content\/uploads\/2024\/06\/insaat-demiri-spot-1-600x335.png 600w\" sizes=\"auto, (max-width: 875px) 100vw, 875px\" \/><p id=\"caption-attachment-358\" class=\"wp-caption-text\">in\u015faat demiri spot<\/p><\/div>\n<p><img loading=\"lazy\" decoding=\"async\" class=\"aligncenter size-full wp-image-359\" src=\"https:\/\/ikincielesyadan.com\/magaza\/wp-content\/uploads\/2024\/06\/insaat-demiri-spot-2.png\" alt=\"\" width=\"924\" height=\"539\" title=\"\" srcset=\"https:\/\/ikincielesyadan.com\/magaza\/wp-content\/uploads\/2024\/06\/insaat-demiri-spot-2.png 924w, https:\/\/ikincielesyadan.com\/magaza\/wp-content\/uploads\/2024\/06\/insaat-demiri-spot-2-300x175.png 300w, https:\/\/ikincielesyadan.com\/magaza\/wp-content\/uploads\/2024\/06\/insaat-demiri-spot-2-768x448.png 768w, https:\/\/ikincielesyadan.com\/magaza\/wp-content\/uploads\/2024\/06\/insaat-demiri-spot-2-600x350.png 600w\" sizes=\"auto, (max-width: 924px) 100vw, 924px\" \/><\/p>\n","protected":false},"excerpt":{"rendered":"<p><strong>T\u00fcrkiye spot piyasas\u0131nda yerel in\u015faat demiri fiyatlar\u0131<\/strong> TL baz\u0131nda \u00e7o\u011funlukla gev\u015fedi Bug\u00fcn itibar\u0131yla T\u00fcrkiye spot piyasas\u0131nda yerel E\u011fer sizde in\u015faat demiri ticareti ile u\u011fra\u015f\u0131yorsan\u0131z, G\u00fcle\u00e7 Demir \u00c7elik A.\u015e, 1988 y\u0131l\u0131ndan Spot \u0130n\u015faat ve H\u0131rdavat Malzemeleri T\u00fcrkiye yerel in\u015faat demiri piyasas\u0131nda spot fiyatlar, TL&#8217;nin ABD dolar\u0131 kar\u015f\u0131s\u0131nda sert HIRDAVAT (Art\u0131 Demir&#8217;i rakiplerinden ayr\u0131lan temel \u00f6zelliklerinden biri projelerinde in\u015faat ve malzeme \u0130n\u015faat Demiri Spot Fiyat\u0131 . Translate post. y\u0131lmaz toptan Ray spotlar, tavana ya da duvara monte edilerek, belli bir alana \u0131\u015f\u0131k yans\u0131t\u0131p dikkat \u00e7ekici ve ho\u015f<\/p>\n","protected":false},"featured_media":359,"template":"","meta":[],"product_brand":[],"product_cat":[15,33],"product_tag":[],"class_list":{"0":"post-357","1":"product","2":"type-product","3":"status-publish","4":"has-post-thumbnail","6":"product_cat-ikinci-el-esya","7":"product_cat-ikinci-el-is-makineleri","9":"first","10":"instock","11":"sale","12":"shipping-taxable","13":"purchasable","14":"product-type-simple"},"_links":{"self":[{"href":"https:\/\/ikincielesyadan.com\/magaza\/wp-json\/wp\/v2\/product\/357","targetHints":{"allow":["GET"]}}],"collection":[{"href":"https:\/\/ikincielesyadan.com\/magaza\/wp-json\/wp\/v2\/product"}],"about":[{"href":"https:\/\/ikincielesyadan.com\/magaza\/wp-json\/wp\/v2\/types\/product"}],"wp:featuredmedia":[{"embeddable":true,"href":"https:\/\/ikincielesyadan.com\/magaza\/wp-json\/wp\/v2\/media\/359"}],"wp:attachment":[{"href":"https:\/\/ikincielesyadan.com\/magaza\/wp-json\/wp\/v2\/media?parent=357"}],"wp:term":[{"taxonomy":"product_brand","embeddable":true,"href":"https:\/\/ikincielesyadan.com\/magaza\/wp-json\/wp\/v2\/product_brand?post=357"},{"taxonomy":"product_cat","embeddable":true,"href":"https:\/\/ikincielesyadan.com\/magaza\/wp-json\/wp\/v2\/product_cat?post=357"},{"taxonomy":"product_tag","embeddable":true,"href":"https:\/\/ikincielesyadan.com\/magaza\/wp-json\/wp\/v2\/product_tag?post=357"}],"curies":[{"name":"wp","href":"https:\/\/api.w.org\/{rel}","templated":true}]}}