{"id":363,"date":"2024-06-11T06:24:32","date_gmt":"2024-06-11T06:24:32","guid":{"rendered":"https:\/\/ikincielesyadan.com\/magaza\/?post_type=product&#038;p=363"},"modified":"2024-06-11T06:24:32","modified_gmt":"2024-06-11T06:24:32","slug":"sifir-ayarinda-cati-paneli-ikinci-el-trapez-cati-malzemesi","status":"publish","type":"product","link":"https:\/\/ikincielesyadan.com\/magaza\/urun\/sifir-ayarinda-cati-paneli-ikinci-el-trapez-cati-malzemesi\/","title":{"rendered":"SIFIR AYARINDA \u00c7ATI PANEL\u0130 ikinci el Trapez \u00e7at\u0131 malzemesi"},"content":{"rendered":"<div id=\"attachment_361\" style=\"width: 924px\" class=\"wp-caption aligncenter\"><img loading=\"lazy\" decoding=\"async\" aria-describedby=\"caption-attachment-361\" class=\"wp-image-361 size-full\" title=\"Trapez \u00e7at\u0131 malzemesi\" src=\"https:\/\/ikincielesyadan.com\/magaza\/wp-content\/uploads\/2024\/06\/Trapez-cati-malzemesi-1.png\" alt=\"\" width=\"914\" height=\"591\" srcset=\"https:\/\/ikincielesyadan.com\/magaza\/wp-content\/uploads\/2024\/06\/Trapez-cati-malzemesi-1.png 914w, https:\/\/ikincielesyadan.com\/magaza\/wp-content\/uploads\/2024\/06\/Trapez-cati-malzemesi-1-300x194.png 300w, https:\/\/ikincielesyadan.com\/magaza\/wp-content\/uploads\/2024\/06\/Trapez-cati-malzemesi-1-768x497.png 768w, https:\/\/ikincielesyadan.com\/magaza\/wp-content\/uploads\/2024\/06\/Trapez-cati-malzemesi-1-600x388.png 600w\" sizes=\"auto, (max-width: 914px) 100vw, 914px\" \/><p id=\"caption-attachment-361\" class=\"wp-caption-text\">Trapez \u00e7at\u0131 malzemesi<\/p><\/div>\n<p>ikinci el Trapez \u00e7at\u0131 malzemesi<\/p>\n<p><img loading=\"lazy\" decoding=\"async\" class=\"aligncenter size-full wp-image-362\" src=\"https:\/\/ikincielesyadan.com\/magaza\/wp-content\/uploads\/2024\/06\/Trapez-cati-malzemesi-2.png\" alt=\"\" width=\"914\" height=\"573\" title=\"\" srcset=\"https:\/\/ikincielesyadan.com\/magaza\/wp-content\/uploads\/2024\/06\/Trapez-cati-malzemesi-2.png 914w, https:\/\/ikincielesyadan.com\/magaza\/wp-content\/uploads\/2024\/06\/Trapez-cati-malzemesi-2-300x188.png 300w, https:\/\/ikincielesyadan.com\/magaza\/wp-content\/uploads\/2024\/06\/Trapez-cati-malzemesi-2-768x481.png 768w, https:\/\/ikincielesyadan.com\/magaza\/wp-content\/uploads\/2024\/06\/Trapez-cati-malzemesi-2-600x376.png 600w\" sizes=\"auto, (max-width: 914px) 100vw, 914px\" \/><\/p>\n","protected":false},"excerpt":{"rendered":"<p>ikinci el Trapez \u00e7at\u0131 malzemesi ASSAN MARKA SIFIR AYARINDA \u00c7ATI PANEL\u0130 4 HADDE POL\u0130\u00dcRETAN 3200M2 Trapez sac\u0131n metresi ka\u00e7 TL? Y\u00fcksek dayan\u0131kl\u0131l\u0131\u011fa sahip olduklar\u0131 i\u00e7in d\u0131\u015f cephe kaplama malzemesi olarak<br \/>\n4 metre trapez sac ne kadar? \u0130kinci El \u00c7elik Konstr\u00fcksiyon. 2,3 B be\u011fenme. \udb85\udf8b. 2,7 B takip\u00e7i. 2.el 2.kalite boru profil<br \/>\n6 metrelik \u00e7at\u0131 sac\u0131 ka\u00e7?<br \/>\n Trapez Alt\u0131 Terleme Engelleyen Membran Trapez ve sandivi\u00e7 panel kaplama i\u015fi yap\u0131yoruz mt2 \u00e7al\u0131\u015f\u0131yoruz ekibimiz bo\u015fa \u00e7okt\u0131 i\u015f<\/p>\n","protected":false},"featured_media":361,"template":"","meta":[],"product_brand":[],"product_cat":[15],"product_tag":[],"class_list":{"0":"post-363","1":"product","2":"type-product","3":"status-publish","4":"has-post-thumbnail","6":"product_cat-ikinci-el-esya","8":"first","9":"instock","10":"sale","11":"shipping-taxable","12":"purchasable","13":"product-type-simple"},"_links":{"self":[{"href":"https:\/\/ikincielesyadan.com\/magaza\/wp-json\/wp\/v2\/product\/363","targetHints":{"allow":["GET"]}}],"collection":[{"href":"https:\/\/ikincielesyadan.com\/magaza\/wp-json\/wp\/v2\/product"}],"about":[{"href":"https:\/\/ikincielesyadan.com\/magaza\/wp-json\/wp\/v2\/types\/product"}],"wp:featuredmedia":[{"embeddable":true,"href":"https:\/\/ikincielesyadan.com\/magaza\/wp-json\/wp\/v2\/media\/361"}],"wp:attachment":[{"href":"https:\/\/ikincielesyadan.com\/magaza\/wp-json\/wp\/v2\/media?parent=363"}],"wp:term":[{"taxonomy":"product_brand","embeddable":true,"href":"https:\/\/ikincielesyadan.com\/magaza\/wp-json\/wp\/v2\/product_brand?post=363"},{"taxonomy":"product_cat","embeddable":true,"href":"https:\/\/ikincielesyadan.com\/magaza\/wp-json\/wp\/v2\/product_cat?post=363"},{"taxonomy":"product_tag","embeddable":true,"href":"https:\/\/ikincielesyadan.com\/magaza\/wp-json\/wp\/v2\/product_tag?post=363"}],"curies":[{"name":"wp","href":"https:\/\/api.w.org\/{rel}","templated":true}]}}