{"id":382,"date":"2024-07-13T06:10:09","date_gmt":"2024-07-13T06:10:09","guid":{"rendered":"https:\/\/ikincielesyadan.com\/magaza\/?post_type=product&#038;p=382"},"modified":"2024-07-13T06:10:09","modified_gmt":"2024-07-13T06:10:09","slug":"cikma-insaat-tahtasi-civisiz-keresteler-ucuz-toplu-kalip-tahtasi","status":"publish","type":"product","link":"https:\/\/ikincielesyadan.com\/magaza\/urun\/cikma-insaat-tahtasi-civisiz-keresteler-ucuz-toplu-kalip-tahtasi\/","title":{"rendered":"\u00c7\u0131kma in\u015faat tahtas\u0131 \u00e7ivisiz keresteler ucuz toplu kal\u0131p tahtas\u0131"},"content":{"rendered":"<p><img loading=\"lazy\" decoding=\"async\" class=\"aligncenter size-full wp-image-383\" src=\"https:\/\/ikincielesyadan.com\/magaza\/wp-content\/uploads\/2024\/07\/Cikma-insaat-tahtasi-2.png\" alt=\"\" width=\"708\" height=\"632\" title=\"\" srcset=\"https:\/\/ikincielesyadan.com\/magaza\/wp-content\/uploads\/2024\/07\/Cikma-insaat-tahtasi-2.png 708w, https:\/\/ikincielesyadan.com\/magaza\/wp-content\/uploads\/2024\/07\/Cikma-insaat-tahtasi-2-300x268.png 300w, https:\/\/ikincielesyadan.com\/magaza\/wp-content\/uploads\/2024\/07\/Cikma-insaat-tahtasi-2-600x536.png 600w\" sizes=\"auto, (max-width: 708px) 100vw, 708px\" \/> <img loading=\"lazy\" decoding=\"async\" class=\"aligncenter size-full wp-image-384\" src=\"https:\/\/ikincielesyadan.com\/magaza\/wp-content\/uploads\/2024\/07\/Cikma-insaat-tahtasi-1.png\" alt=\"\" width=\"935\" height=\"623\" title=\"\" srcset=\"https:\/\/ikincielesyadan.com\/magaza\/wp-content\/uploads\/2024\/07\/Cikma-insaat-tahtasi-1.png 935w, https:\/\/ikincielesyadan.com\/magaza\/wp-content\/uploads\/2024\/07\/Cikma-insaat-tahtasi-1-300x200.png 300w, https:\/\/ikincielesyadan.com\/magaza\/wp-content\/uploads\/2024\/07\/Cikma-insaat-tahtasi-1-768x512.png 768w, https:\/\/ikincielesyadan.com\/magaza\/wp-content\/uploads\/2024\/07\/Cikma-insaat-tahtasi-1-600x400.png 600w\" sizes=\"auto, (max-width: 935px) 100vw, 935px\" \/><\/p>\n","protected":false},"excerpt":{"rendered":"<p><strong>\u00c7\u0131kma in\u015faat tahtas\u0131 Defolu Plywood 2. El Tahta<\/strong> &#8211; Kereste, \u0130kinci el tahta ve kereste ihtiya\u00e7lar\u0131n\u0131z\u0131 firmam\u0131zdan temin tedebilirsiniz, 2.El \u0130n\u015faat Malzemeleri Al\u0131m Sat\u0131m Hizmetleri. 5 e 10 kereste fiyat\u0131 ne kadar? <strong>1 metrek\u00fcp kereste ka\u00e7 lira? <\/strong><strong>Ikinci el palet ka\u00e7a sat\u0131l\u0131r?<\/strong><br \/>\nEn Kalitelisi En Uygun Ambalaj &amp; Paketleme Asma Kilit &amp; Zincir \u00c7ivi \u0130n\u015faat Orman \u00dcr\u00fcnleri s\u0131f\u0131r, ikinci el fiyat se\u00e7enekleriyle ilan ve online al\u0131\u015fveri\u015fte ilk adres sahibinden . Siz de ilan\u0131n\u0131z\u0131n yukar\u0131da yer almas\u0131n\u0131<\/p>\n","protected":false},"featured_media":384,"template":"","meta":[],"product_brand":[],"product_cat":[34],"product_tag":[],"class_list":{"0":"post-382","1":"product","2":"type-product","3":"status-publish","4":"has-post-thumbnail","6":"product_cat-ikinci-el-mobilya","8":"first","9":"instock","10":"sale","11":"shipping-taxable","12":"purchasable","13":"product-type-simple"},"_links":{"self":[{"href":"https:\/\/ikincielesyadan.com\/magaza\/wp-json\/wp\/v2\/product\/382","targetHints":{"allow":["GET"]}}],"collection":[{"href":"https:\/\/ikincielesyadan.com\/magaza\/wp-json\/wp\/v2\/product"}],"about":[{"href":"https:\/\/ikincielesyadan.com\/magaza\/wp-json\/wp\/v2\/types\/product"}],"wp:featuredmedia":[{"embeddable":true,"href":"https:\/\/ikincielesyadan.com\/magaza\/wp-json\/wp\/v2\/media\/384"}],"wp:attachment":[{"href":"https:\/\/ikincielesyadan.com\/magaza\/wp-json\/wp\/v2\/media?parent=382"}],"wp:term":[{"taxonomy":"product_brand","embeddable":true,"href":"https:\/\/ikincielesyadan.com\/magaza\/wp-json\/wp\/v2\/product_brand?post=382"},{"taxonomy":"product_cat","embeddable":true,"href":"https:\/\/ikincielesyadan.com\/magaza\/wp-json\/wp\/v2\/product_cat?post=382"},{"taxonomy":"product_tag","embeddable":true,"href":"https:\/\/ikincielesyadan.com\/magaza\/wp-json\/wp\/v2\/product_tag?post=382"}],"curies":[{"name":"wp","href":"https:\/\/api.w.org\/{rel}","templated":true}]}}