{"id":404,"date":"2024-07-26T06:00:25","date_gmt":"2024-07-26T06:00:25","guid":{"rendered":"https:\/\/ikincielesyadan.com\/magaza\/?post_type=product&#038;p=404"},"modified":"2024-07-26T06:00:25","modified_gmt":"2024-07-26T06:00:25","slug":"15-adet-cikma-kapi-mevcuttur-kapilar-takim-halindedir","status":"publish","type":"product","link":"https:\/\/ikincielesyadan.com\/magaza\/urun\/15-adet-cikma-kapi-mevcuttur-kapilar-takim-halindedir\/","title":{"rendered":"15 adet \u00e7\u0131kma kap\u0131 mevcuttur kap\u0131lar tak\u0131m halindedir"},"content":{"rendered":"<p><img loading=\"lazy\" decoding=\"async\" class=\"aligncenter size-full wp-image-405\" src=\"https:\/\/ikincielesyadan.com\/magaza\/wp-content\/uploads\/2024\/07\/cikma-kapi-1.png\" alt=\"\" width=\"774\" height=\"633\" title=\"\" srcset=\"https:\/\/ikincielesyadan.com\/magaza\/wp-content\/uploads\/2024\/07\/cikma-kapi-1.png 774w, https:\/\/ikincielesyadan.com\/magaza\/wp-content\/uploads\/2024\/07\/cikma-kapi-1-300x245.png 300w, https:\/\/ikincielesyadan.com\/magaza\/wp-content\/uploads\/2024\/07\/cikma-kapi-1-768x628.png 768w, https:\/\/ikincielesyadan.com\/magaza\/wp-content\/uploads\/2024\/07\/cikma-kapi-1-600x491.png 600w\" sizes=\"auto, (max-width: 774px) 100vw, 774px\" \/> <img loading=\"lazy\" decoding=\"async\" class=\"aligncenter size-full wp-image-406\" src=\"https:\/\/ikincielesyadan.com\/magaza\/wp-content\/uploads\/2024\/07\/cikma-kapi-2.png\" alt=\"\" width=\"940\" height=\"632\" title=\"\" srcset=\"https:\/\/ikincielesyadan.com\/magaza\/wp-content\/uploads\/2024\/07\/cikma-kapi-2.png 940w, https:\/\/ikincielesyadan.com\/magaza\/wp-content\/uploads\/2024\/07\/cikma-kapi-2-300x202.png 300w, https:\/\/ikincielesyadan.com\/magaza\/wp-content\/uploads\/2024\/07\/cikma-kapi-2-768x516.png 768w, https:\/\/ikincielesyadan.com\/magaza\/wp-content\/uploads\/2024\/07\/cikma-kapi-2-600x403.png 600w\" sizes=\"auto, (max-width: 940px) 100vw, 940px\" \/><\/p>\n","protected":false},"excerpt":{"rendered":"<p>25 adet \u00e7\u0131kma kap\u0131 mevcuttur kap\u0131lar tak\u0131m halindedir Temiz 5 adet \u00c7\u0131kma amerikan kapi 2 adet fiyatidir. Adopen pvc kap\u0131lar mevcuttur #1186255103. Temiz 5 adet Adopen pvc kap\u0131lar Kap\u0131lar. T\u00fcm\u00fc Amerikan Kap\u0131lar Caml\u0131 Kap\u0131lar Melamin Kap\u0131lar \u00c7elik Kap\u0131lar Akordiyon<\/p>\n","protected":false},"featured_media":405,"template":"","meta":[],"product_brand":[],"product_cat":[34],"product_tag":[],"class_list":{"0":"post-404","1":"product","2":"type-product","3":"status-publish","4":"has-post-thumbnail","6":"product_cat-ikinci-el-mobilya","8":"first","9":"instock","10":"sale","11":"shipping-taxable","12":"purchasable","13":"product-type-simple"},"_links":{"self":[{"href":"https:\/\/ikincielesyadan.com\/magaza\/wp-json\/wp\/v2\/product\/404","targetHints":{"allow":["GET"]}}],"collection":[{"href":"https:\/\/ikincielesyadan.com\/magaza\/wp-json\/wp\/v2\/product"}],"about":[{"href":"https:\/\/ikincielesyadan.com\/magaza\/wp-json\/wp\/v2\/types\/product"}],"wp:featuredmedia":[{"embeddable":true,"href":"https:\/\/ikincielesyadan.com\/magaza\/wp-json\/wp\/v2\/media\/405"}],"wp:attachment":[{"href":"https:\/\/ikincielesyadan.com\/magaza\/wp-json\/wp\/v2\/media?parent=404"}],"wp:term":[{"taxonomy":"product_brand","embeddable":true,"href":"https:\/\/ikincielesyadan.com\/magaza\/wp-json\/wp\/v2\/product_brand?post=404"},{"taxonomy":"product_cat","embeddable":true,"href":"https:\/\/ikincielesyadan.com\/magaza\/wp-json\/wp\/v2\/product_cat?post=404"},{"taxonomy":"product_tag","embeddable":true,"href":"https:\/\/ikincielesyadan.com\/magaza\/wp-json\/wp\/v2\/product_tag?post=404"}],"curies":[{"name":"wp","href":"https:\/\/api.w.org\/{rel}","templated":true}]}}