{"id":408,"date":"2024-07-30T06:16:37","date_gmt":"2024-07-30T06:16:37","guid":{"rendered":"https:\/\/ikincielesyadan.com\/magaza\/?post_type=product&#038;p=408"},"modified":"2024-07-30T06:16:37","modified_gmt":"2024-07-30T06:16:37","slug":"l-kose-koltuk-takimi-spot-koltuk-takimlari-icin-fiyat-bilgileri","status":"publish","type":"product","link":"https:\/\/ikincielesyadan.com\/magaza\/urun\/l-kose-koltuk-takimi-spot-koltuk-takimlari-icin-fiyat-bilgileri\/","title":{"rendered":"L K\u00d6\u015eE KOLTUK tak\u0131m\u0131 spot koltuk tak\u0131mlar\u0131 i\u00e7in fiyat bilgileri"},"content":{"rendered":"<p><img loading=\"lazy\" decoding=\"async\" src=\"https:\/\/ikincielesyadan.com\/magaza\/wp-content\/uploads\/2024\/07\/L-KOSE-KOLTUK-takimi-spot-1.png\" alt=\"\" width=\"841\" height=\"632\" class=\"aligncenter size-full wp-image-409\" title=\"\" srcset=\"https:\/\/ikincielesyadan.com\/magaza\/wp-content\/uploads\/2024\/07\/L-KOSE-KOLTUK-takimi-spot-1.png 841w, https:\/\/ikincielesyadan.com\/magaza\/wp-content\/uploads\/2024\/07\/L-KOSE-KOLTUK-takimi-spot-1-300x225.png 300w, https:\/\/ikincielesyadan.com\/magaza\/wp-content\/uploads\/2024\/07\/L-KOSE-KOLTUK-takimi-spot-1-768x577.png 768w, https:\/\/ikincielesyadan.com\/magaza\/wp-content\/uploads\/2024\/07\/L-KOSE-KOLTUK-takimi-spot-1-160x120.png 160w, https:\/\/ikincielesyadan.com\/magaza\/wp-content\/uploads\/2024\/07\/L-KOSE-KOLTUK-takimi-spot-1-600x451.png 600w\" sizes=\"auto, (max-width: 841px) 100vw, 841px\" \/><\/p>\n<p><img loading=\"lazy\" decoding=\"async\" src=\"https:\/\/ikincielesyadan.com\/magaza\/wp-content\/uploads\/2024\/07\/L-KOSE-KOLTUK-takimi-spot-2.png\" alt=\"\" width=\"1114\" height=\"635\" class=\"aligncenter size-full wp-image-410\" title=\"\" srcset=\"https:\/\/ikincielesyadan.com\/magaza\/wp-content\/uploads\/2024\/07\/L-KOSE-KOLTUK-takimi-spot-2.png 1114w, https:\/\/ikincielesyadan.com\/magaza\/wp-content\/uploads\/2024\/07\/L-KOSE-KOLTUK-takimi-spot-2-300x171.png 300w, https:\/\/ikincielesyadan.com\/magaza\/wp-content\/uploads\/2024\/07\/L-KOSE-KOLTUK-takimi-spot-2-1024x584.png 1024w, https:\/\/ikincielesyadan.com\/magaza\/wp-content\/uploads\/2024\/07\/L-KOSE-KOLTUK-takimi-spot-2-768x438.png 768w, https:\/\/ikincielesyadan.com\/magaza\/wp-content\/uploads\/2024\/07\/L-KOSE-KOLTUK-takimi-spot-2-600x342.png 600w\" sizes=\"auto, (max-width: 1114px) 100vw, 1114px\" \/><\/p>\n<p><img loading=\"lazy\" decoding=\"async\" src=\"https:\/\/ikincielesyadan.com\/magaza\/wp-content\/uploads\/2024\/07\/L-KOSE-KOLTUK-takimi-spot-3.png\" alt=\"\" width=\"1065\" height=\"636\" class=\"aligncenter size-full wp-image-411\" title=\"\" srcset=\"https:\/\/ikincielesyadan.com\/magaza\/wp-content\/uploads\/2024\/07\/L-KOSE-KOLTUK-takimi-spot-3.png 1065w, https:\/\/ikincielesyadan.com\/magaza\/wp-content\/uploads\/2024\/07\/L-KOSE-KOLTUK-takimi-spot-3-300x179.png 300w, https:\/\/ikincielesyadan.com\/magaza\/wp-content\/uploads\/2024\/07\/L-KOSE-KOLTUK-takimi-spot-3-1024x612.png 1024w, https:\/\/ikincielesyadan.com\/magaza\/wp-content\/uploads\/2024\/07\/L-KOSE-KOLTUK-takimi-spot-3-768x459.png 768w, https:\/\/ikincielesyadan.com\/magaza\/wp-content\/uploads\/2024\/07\/L-KOSE-KOLTUK-takimi-spot-3-600x358.png 600w\" sizes=\"auto, (max-width: 1065px) 100vw, 1065px\" \/><\/p>\n","protected":false},"excerpt":{"rendered":"<p>L K\u00d6\u015eE KOLTUK tak\u0131m\u0131 spot K\u00f6\u015fe tak\u0131m\u0131 ve 2024 L koltuk modelleri ile konfor ve \u015f\u0131kl\u0131\u011f\u0131 yuvan\u0131za getiren salon ve oturma \u00c7ok Satan L Koltuklar \u2014 \u0130stedi\u011fin \u00d6l\u00e7\u00fc ve Stile Uygun K\u00f6\u015fe Koltuk Modelleri Avantajl\u0131 Fiyatlarla. Hemen Ke\u015ffet<\/p>\n","protected":false},"featured_media":409,"template":"","meta":[],"product_brand":[],"product_cat":[34,35],"product_tag":[40],"class_list":{"0":"post-408","1":"product","2":"type-product","3":"status-publish","4":"has-post-thumbnail","6":"product_cat-ikinci-el-mobilya","7":"product_cat-spot-defolu-esya","8":"product_tag-ikinci-el-koltuk-takimi","10":"first","11":"instock","12":"sale","13":"shipping-taxable","14":"purchasable","15":"product-type-simple"},"_links":{"self":[{"href":"https:\/\/ikincielesyadan.com\/magaza\/wp-json\/wp\/v2\/product\/408","targetHints":{"allow":["GET"]}}],"collection":[{"href":"https:\/\/ikincielesyadan.com\/magaza\/wp-json\/wp\/v2\/product"}],"about":[{"href":"https:\/\/ikincielesyadan.com\/magaza\/wp-json\/wp\/v2\/types\/product"}],"wp:featuredmedia":[{"embeddable":true,"href":"https:\/\/ikincielesyadan.com\/magaza\/wp-json\/wp\/v2\/media\/409"}],"wp:attachment":[{"href":"https:\/\/ikincielesyadan.com\/magaza\/wp-json\/wp\/v2\/media?parent=408"}],"wp:term":[{"taxonomy":"product_brand","embeddable":true,"href":"https:\/\/ikincielesyadan.com\/magaza\/wp-json\/wp\/v2\/product_brand?post=408"},{"taxonomy":"product_cat","embeddable":true,"href":"https:\/\/ikincielesyadan.com\/magaza\/wp-json\/wp\/v2\/product_cat?post=408"},{"taxonomy":"product_tag","embeddable":true,"href":"https:\/\/ikincielesyadan.com\/magaza\/wp-json\/wp\/v2\/product_tag?post=408"}],"curies":[{"name":"wp","href":"https:\/\/api.w.org\/{rel}","templated":true}]}}