{"id":431,"date":"2024-08-20T05:57:42","date_gmt":"2024-08-20T05:57:42","guid":{"rendered":"https:\/\/ikincielesyadan.com\/magaza\/?post_type=product&#038;p=431"},"modified":"2024-08-20T05:57:42","modified_gmt":"2024-08-20T05:57:42","slug":"satilik-insaat-asansor-hepsi-calisir-durumda-caraskal","status":"publish","type":"product","link":"https:\/\/ikincielesyadan.com\/magaza\/urun\/satilik-insaat-asansor-hepsi-calisir-durumda-caraskal\/","title":{"rendered":"Sat\u0131l\u0131k in\u015faat asans\u00f6r hepsi \u00e7al\u0131\u015f\u0131r durumda caraskal"},"content":{"rendered":"<p><img loading=\"lazy\" decoding=\"async\" class=\"aligncenter size-full wp-image-430\" src=\"https:\/\/ikincielesyadan.com\/magaza\/wp-content\/uploads\/2024\/08\/insaat-asansor-1.png\" alt=\"\" width=\"985\" height=\"630\" title=\"\" srcset=\"https:\/\/ikincielesyadan.com\/magaza\/wp-content\/uploads\/2024\/08\/insaat-asansor-1.png 985w, https:\/\/ikincielesyadan.com\/magaza\/wp-content\/uploads\/2024\/08\/insaat-asansor-1-300x192.png 300w, https:\/\/ikincielesyadan.com\/magaza\/wp-content\/uploads\/2024\/08\/insaat-asansor-1-768x491.png 768w, https:\/\/ikincielesyadan.com\/magaza\/wp-content\/uploads\/2024\/08\/insaat-asansor-1-600x384.png 600w\" sizes=\"auto, (max-width: 985px) 100vw, 985px\" \/> <img loading=\"lazy\" decoding=\"async\" class=\"aligncenter size-full wp-image-429\" src=\"https:\/\/ikincielesyadan.com\/magaza\/wp-content\/uploads\/2024\/08\/insaat-asansor-3.png\" alt=\"\" width=\"634\" height=\"632\" title=\"\" srcset=\"https:\/\/ikincielesyadan.com\/magaza\/wp-content\/uploads\/2024\/08\/insaat-asansor-3.png 634w, https:\/\/ikincielesyadan.com\/magaza\/wp-content\/uploads\/2024\/08\/insaat-asansor-3-300x300.png 300w, https:\/\/ikincielesyadan.com\/magaza\/wp-content\/uploads\/2024\/08\/insaat-asansor-3-150x150.png 150w, https:\/\/ikincielesyadan.com\/magaza\/wp-content\/uploads\/2024\/08\/insaat-asansor-3-600x598.png 600w, https:\/\/ikincielesyadan.com\/magaza\/wp-content\/uploads\/2024\/08\/insaat-asansor-3-100x100.png 100w\" sizes=\"auto, (max-width: 634px) 100vw, 634px\" \/> <img loading=\"lazy\" decoding=\"async\" class=\"aligncenter size-full wp-image-428\" src=\"https:\/\/ikincielesyadan.com\/magaza\/wp-content\/uploads\/2024\/08\/insaat-asansor-2.png\" alt=\"\" width=\"795\" height=\"634\" title=\"\" srcset=\"https:\/\/ikincielesyadan.com\/magaza\/wp-content\/uploads\/2024\/08\/insaat-asansor-2.png 795w, https:\/\/ikincielesyadan.com\/magaza\/wp-content\/uploads\/2024\/08\/insaat-asansor-2-300x239.png 300w, https:\/\/ikincielesyadan.com\/magaza\/wp-content\/uploads\/2024\/08\/insaat-asansor-2-768x612.png 768w, https:\/\/ikincielesyadan.com\/magaza\/wp-content\/uploads\/2024\/08\/insaat-asansor-2-600x478.png 600w\" sizes=\"auto, (max-width: 795px) 100vw, 795px\" \/><\/p>\n","protected":false},"excerpt":{"rendered":"<p>Sat\u0131l\u0131k in\u015faat asans\u00f6r hepsi \u00e7al\u0131\u015f\u0131r durumda caraskal halat de\u011fi\u015fimi manyetik fren de\u011fi\u015fimi \u015fanzuman bak\u0131m ve servis ve i\u015f\u00e7ilik. istanbul her Makina Y\u00fck Asans\u00f6rleri Her Ton ve Ebatta Halatl\u0131 ve Hidrolik Y\u00fck Asans\u00f6rleri \u00d6zel Olarak \u00dcretilebilmektedir. Halatl\u0131 Y\u00fck Asans\u00f6r\u00fc, Hidrolik Y\u00fck Asans\u00f6r\u00fc, Makasl\u0131<\/p>\n","protected":false},"featured_media":430,"template":"","meta":[],"product_brand":[],"product_cat":[33],"product_tag":[],"class_list":{"0":"post-431","1":"product","2":"type-product","3":"status-publish","4":"has-post-thumbnail","6":"product_cat-ikinci-el-is-makineleri","8":"first","9":"instock","10":"sale","11":"shipping-taxable","12":"purchasable","13":"product-type-simple"},"_links":{"self":[{"href":"https:\/\/ikincielesyadan.com\/magaza\/wp-json\/wp\/v2\/product\/431","targetHints":{"allow":["GET"]}}],"collection":[{"href":"https:\/\/ikincielesyadan.com\/magaza\/wp-json\/wp\/v2\/product"}],"about":[{"href":"https:\/\/ikincielesyadan.com\/magaza\/wp-json\/wp\/v2\/types\/product"}],"wp:featuredmedia":[{"embeddable":true,"href":"https:\/\/ikincielesyadan.com\/magaza\/wp-json\/wp\/v2\/media\/430"}],"wp:attachment":[{"href":"https:\/\/ikincielesyadan.com\/magaza\/wp-json\/wp\/v2\/media?parent=431"}],"wp:term":[{"taxonomy":"product_brand","embeddable":true,"href":"https:\/\/ikincielesyadan.com\/magaza\/wp-json\/wp\/v2\/product_brand?post=431"},{"taxonomy":"product_cat","embeddable":true,"href":"https:\/\/ikincielesyadan.com\/magaza\/wp-json\/wp\/v2\/product_cat?post=431"},{"taxonomy":"product_tag","embeddable":true,"href":"https:\/\/ikincielesyadan.com\/magaza\/wp-json\/wp\/v2\/product_tag?post=431"}],"curies":[{"name":"wp","href":"https:\/\/api.w.org\/{rel}","templated":true}]}}