{"id":432,"date":"2024-08-24T04:57:04","date_gmt":"2024-08-24T04:57:04","guid":{"rendered":"https:\/\/ikincielesyadan.com\/magaza\/?post_type=product&#038;p=432"},"modified":"2024-08-24T04:57:04","modified_gmt":"2024-08-24T04:57:04","slug":"cikma-sanayi-borusu-114-luk-100-luk-90-lik-70-lik-60-lik-48-lik-42-lik","status":"publish","type":"product","link":"https:\/\/ikincielesyadan.com\/magaza\/urun\/cikma-sanayi-borusu-114-luk-100-luk-90-lik-70-lik-60-lik-48-lik-42-lik\/","title":{"rendered":"\u00c7\u0131kma sanayi borusu 114 l\u00fck 100 l\u00fck 90 l\u0131k 70 lik 60 l\u0131k 48 lik 42 lik"},"content":{"rendered":"<p>Boru \u00e7aplar\u0131 nelerdir?<br \/>\nPlastik boru \u00e7aplar\u0131, standart \u00f6l\u00e7\u00fc birimleri olan mm (milimetre) cinsinden ifade edilir. Genellikle kullan\u0131lan plastik boru \u00e7aplar\u0131 aras\u0131nda 20 mm, 25 mm, 32 mm, 40 mm, 50 mm ve 63 mm gibi de\u011ferler bulunur. Bu \u00e7aplar, farkl\u0131 uygulama alanlar\u0131na y\u00f6nelik olarak tercih edilen standart boyutlard\u0131r.<\/p>\n","protected":false},"excerpt":{"rendered":"<p>\u00c7\u0131kma sanayi borusu S\u0131hhi Tesisat Sanayi borusu farkl\u0131 uygulama ve end\u00fcstrilerde kullan\u0131lan kat\u0131 ta\u015f\u0131ma donan\u0131m\u0131d\u0131r. Geni\u015f bir Boru ; \u0131s\u0131tma ve yang\u0131n tesisat borusu. 500 TL. Kocaeli, Ba\u015fiskele ; \u00c7\u0131kma &#8211; Hurda Boru (\u0130kinci El Boru) fiyat\u0131 nedir yeni (s\u0131f\u0131r) ve \u00e7\u0131kma Serme boru. 1.100 TL.<\/p>\n","protected":false},"featured_media":434,"template":"","meta":[],"product_brand":[],"product_cat":[15],"product_tag":[],"class_list":{"0":"post-432","1":"product","2":"type-product","3":"status-publish","4":"has-post-thumbnail","6":"product_cat-ikinci-el-esya","8":"first","9":"instock","10":"sale","11":"shipping-taxable","12":"purchasable","13":"product-type-simple"},"_links":{"self":[{"href":"https:\/\/ikincielesyadan.com\/magaza\/wp-json\/wp\/v2\/product\/432","targetHints":{"allow":["GET"]}}],"collection":[{"href":"https:\/\/ikincielesyadan.com\/magaza\/wp-json\/wp\/v2\/product"}],"about":[{"href":"https:\/\/ikincielesyadan.com\/magaza\/wp-json\/wp\/v2\/types\/product"}],"wp:featuredmedia":[{"embeddable":true,"href":"https:\/\/ikincielesyadan.com\/magaza\/wp-json\/wp\/v2\/media\/434"}],"wp:attachment":[{"href":"https:\/\/ikincielesyadan.com\/magaza\/wp-json\/wp\/v2\/media?parent=432"}],"wp:term":[{"taxonomy":"product_brand","embeddable":true,"href":"https:\/\/ikincielesyadan.com\/magaza\/wp-json\/wp\/v2\/product_brand?post=432"},{"taxonomy":"product_cat","embeddable":true,"href":"https:\/\/ikincielesyadan.com\/magaza\/wp-json\/wp\/v2\/product_cat?post=432"},{"taxonomy":"product_tag","embeddable":true,"href":"https:\/\/ikincielesyadan.com\/magaza\/wp-json\/wp\/v2\/product_tag?post=432"}],"curies":[{"name":"wp","href":"https:\/\/api.w.org\/{rel}","templated":true}]}}