{"id":436,"date":"2024-08-28T05:15:27","date_gmt":"2024-08-28T05:15:27","guid":{"rendered":"https:\/\/ikincielesyadan.com\/magaza\/?post_type=product&#038;p=436"},"modified":"2024-08-28T05:15:27","modified_gmt":"2024-08-28T05:15:27","slug":"cikma-beyaz-esya-kart-camasir-bulasik-buzdolabi-karti-board","status":"publish","type":"product","link":"https:\/\/ikincielesyadan.com\/magaza\/urun\/cikma-beyaz-esya-kart-camasir-bulasik-buzdolabi-karti-board\/","title":{"rendered":"\u00c7\u0131kma Beyaz e\u015fya kart, \u00e7ama\u015f\u0131r bula\u015f\u0131k buzdolab\u0131 kart\u0131 board"},"content":{"rendered":"<p><strong>Buzdolab\u0131 kart\u0131 bozulursa ne olur?<\/strong><br \/>\nBuzdolab\u0131 kart\u0131 olarak bildi\u011fimiz sistem par\u00e7as\u0131 da cihaz\u0131n beynidir. T\u0131pk\u0131 kombilerde ve di\u011fer ev aletlerinde oldu\u011fu gibi, cihaz\u0131n fonksiyonlar\u0131 bu merkez taraf\u0131ndan y\u00f6netilir. Bu kart\u0131n bozulmas\u0131 da cihaz\u0131n \u00e7al\u0131\u015fmaz h\u00e2le geldi\u011fini g\u00f6sterir.<\/p>\n","protected":false},"excerpt":{"rendered":"<p>Beyaz e\u015fya kart, \u00e7ama\u015f\u0131r bula\u015f\u0131k buzdolab\u0131 kart\u0131 board D\u00fckkan\u0131 Buzdolab\u0131 kart\u0131 bozulursa ne olur?<br \/>\nAr\u00e7elik \u00c7ama\u015f\u0131r Makinesi anakart\u0131 ka\u00e7 para? ANAKART \u00c7E\u015e\u0130TLER\u0130. Yeni \u00b7 <strong>REGAL BM 411BULA\u015eIK MAK\u0130NES\u0130 ANAKARTI <\/strong>Buzdolab\u0131 anakart\u0131 nedir? <strong>Buzdolab\u0131 kart fiyatlar\u0131 ne kadar?<\/strong> kapatt\u0131m elimde bir s\u00fcr\u00fc kart var \u00e7ama\u015f\u0131r bula\u015f\u0131k buzdolab\u0131 kart\u0131 Gaziosmanpa\u015fa merkezdeyim<\/p>\n","protected":false},"featured_media":437,"template":"","meta":[],"product_brand":[],"product_cat":[32],"product_tag":[38],"class_list":{"0":"post-436","1":"product","2":"type-product","3":"status-publish","4":"has-post-thumbnail","6":"product_cat-ikinci-el-beyaz-esya","7":"product_tag-ikinci-el-camasir-makinesi","9":"first","10":"instock","11":"sale","12":"shipping-taxable","13":"purchasable","14":"product-type-simple"},"_links":{"self":[{"href":"https:\/\/ikincielesyadan.com\/magaza\/wp-json\/wp\/v2\/product\/436","targetHints":{"allow":["GET"]}}],"collection":[{"href":"https:\/\/ikincielesyadan.com\/magaza\/wp-json\/wp\/v2\/product"}],"about":[{"href":"https:\/\/ikincielesyadan.com\/magaza\/wp-json\/wp\/v2\/types\/product"}],"wp:featuredmedia":[{"embeddable":true,"href":"https:\/\/ikincielesyadan.com\/magaza\/wp-json\/wp\/v2\/media\/437"}],"wp:attachment":[{"href":"https:\/\/ikincielesyadan.com\/magaza\/wp-json\/wp\/v2\/media?parent=436"}],"wp:term":[{"taxonomy":"product_brand","embeddable":true,"href":"https:\/\/ikincielesyadan.com\/magaza\/wp-json\/wp\/v2\/product_brand?post=436"},{"taxonomy":"product_cat","embeddable":true,"href":"https:\/\/ikincielesyadan.com\/magaza\/wp-json\/wp\/v2\/product_cat?post=436"},{"taxonomy":"product_tag","embeddable":true,"href":"https:\/\/ikincielesyadan.com\/magaza\/wp-json\/wp\/v2\/product_tag?post=436"}],"curies":[{"name":"wp","href":"https:\/\/api.w.org\/{rel}","templated":true}]}}