{"id":444,"date":"2024-10-05T06:00:44","date_gmt":"2024-10-05T06:00:44","guid":{"rendered":"https:\/\/ikincielesyadan.com\/magaza\/?post_type=product&#038;p=444"},"modified":"2024-10-05T06:00:44","modified_gmt":"2024-10-05T06:00:44","slug":"sanayi-tipi-dikis-makinesi-mini-motorlu-ayakli-ve-el-dikis-makinesi-gibi","status":"publish","type":"product","link":"https:\/\/ikincielesyadan.com\/magaza\/urun\/sanayi-tipi-dikis-makinesi-mini-motorlu-ayakli-ve-el-dikis-makinesi-gibi\/","title":{"rendered":"Sanayi tipi diki\u015f makinesi mini, motorlu, ayakl\u0131 ve el diki\u015f makinesi gibi"},"content":{"rendered":"<p><strong>Diki\u015f makinesinde neler dikilir?<\/strong><br \/>\nEl diki\u015f makinesi ile neler yap\u0131labilir konusu s\u0131kl\u0131kla ara\u015ft\u0131r\u0131l\u0131r. Giydi\u011finiz giysilerin yan\u0131 s\u0131ra perde, yorgan, yast\u0131k, hal\u0131, kilim, terlik ve \u00e7antan\u0131n dikim ve \u00fcretimi s\u0131ras\u0131nda kullan\u0131lan diki\u015f makinesiyle hayallerinizi ger\u00e7e\u011fe d\u00f6n\u00fc\u015ft\u00fcrebilirsiniz.<\/p>\n","protected":false},"excerpt":{"rendered":"<p>sanayi tipi diki\u015f makinesi Sanayi tipi, mini, motorlu, ayakl\u0131 ve el diki\u015f makinesi gibi \u0130kinci El Diki\u015f Makina \u00b7 %10 indirimli. Juki &#8211; Juki MF-7923 Soldan B\u0131\u00e7akl\u0131 D\u0130K\u0130\u015e MAK\u0130NES\u0130 ALIM SATIM. 23K members &#8230; SATILIK SANAY\u0130 D\u0130K\u0130\u015e MAK\u0130NA <strong><a href=\"https:\/\/www.juki.co.jp\/en\/\">Juki<\/a><\/strong> MF-7923 Soldan B\u0131\u00e7akl\u0131 Haval\u0131 Re\u00e7me Makinas\u0131 \u00e7e\u015fitleri vard\u0131r. 2.El Makina Al\u0131m\u0131-Sat\u0131m\u0131-Yedek Par\u00e7a teminat\u0131 yap\u0131lmaktad\u0131r. bulunan ikinci el diki\u015f makinesi se\u00e7enekleri sayesinde b\u00fct\u00e7e<\/p>\n","protected":false},"featured_media":447,"template":"","meta":[],"product_brand":[],"product_cat":[15],"product_tag":[],"class_list":{"0":"post-444","1":"product","2":"type-product","3":"status-publish","4":"has-post-thumbnail","6":"product_cat-ikinci-el-esya","8":"first","9":"instock","10":"sale","11":"shipping-taxable","12":"purchasable","13":"product-type-simple"},"_links":{"self":[{"href":"https:\/\/ikincielesyadan.com\/magaza\/wp-json\/wp\/v2\/product\/444","targetHints":{"allow":["GET"]}}],"collection":[{"href":"https:\/\/ikincielesyadan.com\/magaza\/wp-json\/wp\/v2\/product"}],"about":[{"href":"https:\/\/ikincielesyadan.com\/magaza\/wp-json\/wp\/v2\/types\/product"}],"wp:featuredmedia":[{"embeddable":true,"href":"https:\/\/ikincielesyadan.com\/magaza\/wp-json\/wp\/v2\/media\/447"}],"wp:attachment":[{"href":"https:\/\/ikincielesyadan.com\/magaza\/wp-json\/wp\/v2\/media?parent=444"}],"wp:term":[{"taxonomy":"product_brand","embeddable":true,"href":"https:\/\/ikincielesyadan.com\/magaza\/wp-json\/wp\/v2\/product_brand?post=444"},{"taxonomy":"product_cat","embeddable":true,"href":"https:\/\/ikincielesyadan.com\/magaza\/wp-json\/wp\/v2\/product_cat?post=444"},{"taxonomy":"product_tag","embeddable":true,"href":"https:\/\/ikincielesyadan.com\/magaza\/wp-json\/wp\/v2\/product_tag?post=444"}],"curies":[{"name":"wp","href":"https:\/\/api.w.org\/{rel}","templated":true}]}}