{"id":465,"date":"2024-12-23T14:12:13","date_gmt":"2024-12-23T14:12:13","guid":{"rendered":"https:\/\/ikincielesyadan.com\/magaza\/?post_type=product&#038;p=465"},"modified":"2024-12-23T14:12:13","modified_gmt":"2024-12-23T14:12:13","slug":"defolu-buzdolabi-istanbul-yenibosna-defolu-buzdolabi-ile-ilgili-videolar-kesfedin","status":"publish","type":"product","link":"https:\/\/ikincielesyadan.com\/magaza\/urun\/defolu-buzdolabi-istanbul-yenibosna-defolu-buzdolabi-ile-ilgili-videolar-kesfedin\/","title":{"rendered":"Defolu buzdolab\u0131 \u0130stanbul Yenibosna Defolu Buzdolab\u0131 ile ilgili videolar ke\u015ffedin."},"content":{"rendered":"<p><img loading=\"lazy\" decoding=\"async\" class=\"aligncenter size-full wp-image-469\" src=\"https:\/\/ikincielesyadan.com\/magaza\/wp-content\/uploads\/2024\/12\/defolu-buzdolabi-spot-yenibosna-2.jpg\" alt=\"\" width=\"1600\" height=\"1600\" title=\"\" srcset=\"https:\/\/ikincielesyadan.com\/magaza\/wp-content\/uploads\/2024\/12\/defolu-buzdolabi-spot-yenibosna-2.jpg 1600w, https:\/\/ikincielesyadan.com\/magaza\/wp-content\/uploads\/2024\/12\/defolu-buzdolabi-spot-yenibosna-2-300x300.jpg 300w, https:\/\/ikincielesyadan.com\/magaza\/wp-content\/uploads\/2024\/12\/defolu-buzdolabi-spot-yenibosna-2-1024x1024.jpg 1024w, https:\/\/ikincielesyadan.com\/magaza\/wp-content\/uploads\/2024\/12\/defolu-buzdolabi-spot-yenibosna-2-150x150.jpg 150w, https:\/\/ikincielesyadan.com\/magaza\/wp-content\/uploads\/2024\/12\/defolu-buzdolabi-spot-yenibosna-2-768x768.jpg 768w, https:\/\/ikincielesyadan.com\/magaza\/wp-content\/uploads\/2024\/12\/defolu-buzdolabi-spot-yenibosna-2-1536x1536.jpg 1536w, https:\/\/ikincielesyadan.com\/magaza\/wp-content\/uploads\/2024\/12\/defolu-buzdolabi-spot-yenibosna-2-600x600.jpg 600w, https:\/\/ikincielesyadan.com\/magaza\/wp-content\/uploads\/2024\/12\/defolu-buzdolabi-spot-yenibosna-2-100x100.jpg 100w\" sizes=\"auto, (max-width: 1600px) 100vw, 1600px\" \/><\/p>\n","protected":false},"excerpt":{"rendered":"<p>Ar\u00e7elik G\u00fcvencesiyle Beyaz E\u015fya, Ankastre ve Sessiz ve \u00e7ift kap\u0131l\u0131 Yenibosna defolu beyaz e\u015fya konusunda Hesapl\u0131 Outlet, kaliteli, geni\u015f \u00fcr\u00fcn yelpazeli ve b\u00fct\u00e7e dostu buzdolaplar\u0131m\u0131z ile tan\u0131\u015f\u0131n &#8211; \u015eimdi al\u0131n! Derin dondurucu ve gardrop tipi buzdolab\u0131 TV \u00dcr\u00fcnlerini \u0130nceleyin. \u0130stanbul Yenibosna Defolu Buzdolab\u0131 ile ilgili videolar ke\u015ffedin. Al\u0131\u015fveri\u015fe <\/p>\n","protected":false},"featured_media":466,"template":"","meta":[],"product_brand":[],"product_cat":[32],"product_tag":[31],"class_list":{"0":"post-465","1":"product","2":"type-product","3":"status-publish","4":"has-post-thumbnail","6":"product_cat-ikinci-el-beyaz-esya","7":"product_tag-ikinci-el-buzdolabi","9":"first","10":"instock","11":"sale","12":"shipping-taxable","13":"purchasable","14":"product-type-simple"},"_links":{"self":[{"href":"https:\/\/ikincielesyadan.com\/magaza\/wp-json\/wp\/v2\/product\/465","targetHints":{"allow":["GET"]}}],"collection":[{"href":"https:\/\/ikincielesyadan.com\/magaza\/wp-json\/wp\/v2\/product"}],"about":[{"href":"https:\/\/ikincielesyadan.com\/magaza\/wp-json\/wp\/v2\/types\/product"}],"wp:featuredmedia":[{"embeddable":true,"href":"https:\/\/ikincielesyadan.com\/magaza\/wp-json\/wp\/v2\/media\/466"}],"wp:attachment":[{"href":"https:\/\/ikincielesyadan.com\/magaza\/wp-json\/wp\/v2\/media?parent=465"}],"wp:term":[{"taxonomy":"product_brand","embeddable":true,"href":"https:\/\/ikincielesyadan.com\/magaza\/wp-json\/wp\/v2\/product_brand?post=465"},{"taxonomy":"product_cat","embeddable":true,"href":"https:\/\/ikincielesyadan.com\/magaza\/wp-json\/wp\/v2\/product_cat?post=465"},{"taxonomy":"product_tag","embeddable":true,"href":"https:\/\/ikincielesyadan.com\/magaza\/wp-json\/wp\/v2\/product_tag?post=465"}],"curies":[{"name":"wp","href":"https:\/\/api.w.org\/{rel}","templated":true}]}}